{"id":8,"date":"2016-03-11T09:04:23","date_gmt":"2016-03-11T09:04:23","guid":{"rendered":"http:\/\/www.montessorivalparaiso.org\/wawauta\/?page_id=8"},"modified":"2017-07-24T15:46:21","modified_gmt":"2017-07-24T15:46:21","slug":"identidad-educativa","status":"publish","type":"page","link":"https:\/\/www.montessorivalparaiso.org\/wawauta\/identidad-educativa\/","title":{"rendered":"Nosotros"},"content":{"rendered":"<h3>De nuestro Proyecto Educativo\u00a0Institucional (PEI)<\/h3>\n<h3><a href=\"https:\/\/www.montessorivalparaiso.org\/wawauta\/wp-content\/uploads\/2011\/10\/13907126_922629761182436_6477901011370280237_n.jpg\"><img loading=\"lazy\" decoding=\"async\" class=\"alignnone wp-image-891\" src=\"https:\/\/www.montessorivalparaiso.org\/wawauta\/wp-content\/uploads\/2011\/10\/13907126_922629761182436_6477901011370280237_n.jpg\" alt=\"13907126_922629761182436_6477901011370280237_n\" width=\"500\" height=\"500\" \/><\/a><\/h3>\n<h3><span style=\"color: #339966;\">Visi\u00f3n<\/span><\/h3>\n<p style=\"text-align: justify;\">La Escuela Montessori de Valpara\u00edso tiene como visi\u00f3n desarrollar una\u00a0educaci\u00f3n a <i>escala humana <\/i>orientada para la construcci\u00f3n de personas\u00a0(ni\u00f1os, ni\u00f1as y adultos) conscientes de su contexto social y ambiental, dispuestos\u00a0a enfrentar la diversidad cultural desde la comprensi\u00f3n mutua y\u00a0en la aceptaci\u00f3n del otro en su legitimidad.<\/p>\n<p class=\"p2\" style=\"text-align: justify;\">Nuestro desaf\u00edo es educar a personas <i>cr\u00edticas<\/i>, solidarias, capaces de enfrentar\u00a0cambios, tanto individual como colectivamente, donde el foco est\u00e9\u00a0en la afectividad, solidaridad y sustentabilidad.<\/p>\n<h3 class=\"p2\"><a href=\"https:\/\/www.montessorivalparaiso.org\/wawauta\/wp-content\/uploads\/2010\/10\/P10008481.jpg\"><br \/>\n<\/a><span style=\"color: #339966;\">Misi\u00f3n<\/span><\/h3>\n<p class=\"p2\" style=\"text-align: justify;\">Nuestra misi\u00f3n es guiar y acompa\u00f1ar a ni\u00f1as y ni\u00f1os hacia fortalecer el\u00a0inter\u00e9s natural en el aprendizaje, a trav\u00e9s, de la filosof\u00eda propuesta por la\u00a0Doctora Mar\u00eda Montessori. Articulando mecanismos de confianza, autoestima,\u00a0autonom\u00eda, colaboraci\u00f3n y respeto, que permitan despertar en los\u00a0ni\u00f1os y ni\u00f1as conciencia de si mismos y su contexto cultural.<\/p>\n<h3 class=\"p2\"><span style=\"color: #339966;\">Declaraci\u00f3n de principios<\/span><\/h3>\n<p class=\"p2\" style=\"text-align: justify;\">Nuestro Proyecto Educativo nace con el objetivo de <i>aplicar <\/i>los principios\u00a0propuestos por la filosof\u00eda y la metodolog\u00eda pedag\u00f3gica de la Doctora\u00a0Mar\u00eda Montessori. Trabajamos desde la auto reflexi\u00f3n permanente, e instalamos\u00a0como eje al ni\u00f1o, ni\u00f1a en su multidimensionalidad. Planificando\u00a0y desarrollando los principios de una <i>educaci\u00f3n c\u00f3smica <\/i>y <i>hol\u00edstica <\/i>propuesta\u00a0por la Doctora Montessori, reafirmada por diferentes educadores\u00a0internacionales, tomando como referencias, las teor\u00edas presentadas desde\u00a0la \u201cNueva Escuela\u201d y confirmadas por los actuales estudios en la neurociencia\u00a0aplicada a la educaci\u00f3n.\u00a0Todo esta acumulaci\u00f3n de conocimientos\u00a0nos enfrenta a un nuevo paradigma en educaci\u00f3n que dirige su mirada a la construcci\u00f3n de personas integrales interesadas en ser sujeto de cambio\u00a0social y cultural.<\/p>\n<p class=\"p1\" style=\"text-align: justify;\">La educaci\u00f3n Montessori lleva impl\u00edcita la noci\u00f3n de que cada ni\u00f1a y ni\u00f1o\u00a0es especial y diferente a otro, cada cual con sus potencialidades y caracter\u00edsticas\u00a0propias que los hacen \u00fanicos. Esta afirmaci\u00f3n define nuestro actuar\u00a0como Escuela. Valoramos por sobre todo la divergencia por sobre la estandarizaci\u00f3n.<\/p>\n<p class=\"p1\" style=\"text-align: justify;\">Esto implica establecer permanente di\u00e1logo y reflexi\u00f3n entre\u00a0nuestra comunidad escolar. Desde el di\u00e1logo y acuerdo entre los ni\u00f1os y\u00a0ni\u00f1as, hasta el aporte de los apoderados, cuerpo docente y funcionarios.\u00a0Fieles a los principios presentados por la Doctora Mar\u00eda Montessori implementamos\u00a0estrategias de aprendizaje donde cada ni\u00f1o y ni\u00f1a tiene su propio\u00a0plan de actividades, donde el seguimiento individual y la observaci\u00f3n\u00a0permanente de cada singularidad permiten conocer de manera espec\u00edfica\u00a0las necesidades de aprendizaje y emocional de cada ni\u00f1o y ni\u00f1a.\u00a0Nuestros Planes y Programas Propios se basan principalmente en la curr\u00edcula\u00a0Montessori la cual vincula de manera permanente diferentes objetivos\u00a0de aprendizaje y se presenta de manera \u00fanica y efectiva en objetivos\u00a0de aprendizaje transversales, tal como aspira la Ley n\u00ba20.370 General de\u00a0Educaci\u00f3n (LEGE) sobre las bases curriculares.\u00a0Nuestra escuela declara una educaci\u00f3n laica, hol\u00edstica y c\u00f3smica. Una Escuela\u00a0Montessoriana integradora y consiente de su entorno tanto local\u00a0como global.<\/p>\n<p class=\"p1\" style=\"text-align: justify;\">Desde nuestro nacimiento como Escuela, la participaci\u00f3n de cada grupo familiar ha sido fundamental para dar cuerpo a nuestro proyecto. En este\u00a0sentido, desarrollamos permanentemente <i>Jornadas<\/i>, reuniones y periodos\u00a0de observaci\u00f3n en sal\u00f3n para padres y apoderados tendientes a acercar a\u00a0las familias, desde el trabajo de sal\u00f3n, a la filosof\u00eda Montessori, y as\u00ed integrarlos\u00a0en el acompa\u00f1amiento de cada ni\u00f1a y ni\u00f1o.<\/p>\n<p class=\"p1\" style=\"text-align: justify;\">Entendemos la integraci\u00f3n con la comunidad local de manera real y constante.\u00a0Es as\u00ed, que establecemos v\u00ednculo permanente con instituciones\u00a0y personas que vinculen nuestra Escuela con el quehacer cotidiano de nuestro entorno (Valpara\u00edso). De la misma manera establecemos variados\u00a0nexos y tipos de comunicaci\u00f3n permanente con diferentes experiencias\u00a0Montessori en el mundo. Como ejemplo, mantenemos un v\u00ednculo constante\u00a0con <a href=\"https:\/\/www.lexmontessori.org\/page\/Home\">Lexington Montessori School<\/a> en Massachusetts, Estados Unidos \u00a0y recientemente hemos iniciado v\u00ednculos con <a href=\"http:\/\/hollismontessori.org\/\">Hollis Montessori School <\/a>en Hollis,\u00a0New Hampshire, Estados Unidos como parte de la formaci\u00f3n <a href=\"http:\/\/ami-global.org\/\">AMI<\/a> que nuestra directora Vanessa V\u00e1squez Grimaldi realiza desde 2016 en\u00a0<a href=\"http:\/\/www.cursosmontessori.com\/ES\" target=\"_blank\" rel=\"noopener noreferrer\">Montessori-Palau International Research &amp; Training Center (MIRTC)<\/a>\u00a0Girona, Espa\u00f1a.<\/p>\n<p class=\"p1\" style=\"text-align: justify;\">Respecto del cuerpo de gu\u00edas Montessori (docentes), su trabajo debe estar\u00a0en constante autorreflexi\u00f3n y an\u00e1lisis. Capacit\u00e1ndose de manera permanente\u00a0en todos los aspectos del trabajo pedag\u00f3gico Montessori. En\u00a0este sentido, nuestra Escuela establece v\u00ednculos permanentes con instituciones\u00a0nacionales y extranjeras para fortalecer y actualizar contenidos\u00a0respecto de la filosof\u00eda Montessori y su trabajo en el aula.<\/p>\n<p class=\"p1\">DESCARGAR PEI <a href=\"https:\/\/www.montessorivalparaiso.org\/wawauta\/wp-content\/uploads\/2016\/08\/PEI_EMV_v2016.pdf\">(PDF)<\/a><\/p>\n<p class=\"p1\"><strong>A la fecha (2017) nuestra Escuela NO se encuentra reconocida por el Estado. Por lo cual cada familia, si lo desea, puede optar por realizar la Validaci\u00f3n de Estudios (ex\u00e1menes libres)\u00a0para obtener certificado de promoci\u00f3n anual.<\/strong><\/p>\n<p class=\"p1\"><a href=\"https:\/\/www.montessorivalparaiso.org\/wawauta\/wp-content\/uploads\/2011\/10\/IMG_1612.jpg\"><img loading=\"lazy\" decoding=\"async\" class=\"aligncenter wp-image-893\" src=\"https:\/\/www.montessorivalparaiso.org\/wawauta\/wp-content\/uploads\/2011\/10\/IMG_1612-1024x768.jpg\" alt=\"IMG_1612\" width=\"500\" height=\"375\" srcset=\"https:\/\/www.montessorivalparaiso.org\/wawauta\/wp-content\/uploads\/2011\/10\/IMG_1612-1024x768.jpg 1024w, https:\/\/www.montessorivalparaiso.org\/wawauta\/wp-content\/uploads\/2011\/10\/IMG_1612-300x225.jpg 300w, https:\/\/www.montessorivalparaiso.org\/wawauta\/wp-content\/uploads\/2011\/10\/IMG_1612-768x576.jpg 768w\" sizes=\"auto, (max-width: 500px) 100vw, 500px\" \/><\/a><\/p>\n<p>&nbsp;<\/p>\n<h3 class=\"p1\"><span style=\"color: #339966;\"><b>Historia<\/b><\/span><\/h3>\n<p class=\"p2\" style=\"text-align: justify;\">La Escuela Montessori de Valpara\u00edso nace en 2010 como una iniciativa\u00a0colectiva de un grupo de familias, para proyectar una Escuela B\u00e1sica que\u00a0permitiese educar a sus hijos bajo la filosof\u00eda Montessori. Dirigida y organizada\u00a0por la familia Sep\u00falveda V\u00e1squez, el proyecto se inicia la con puesta\u00a0en marcha de una Casa de Ni\u00f1os (pre-escolar) con 7 ni\u00f1os en el living de la\u00a0casa de la familia Sep\u00falveda V\u00e1squez, en Cerro Florida. En 2011, la Escuela\u00a0Montessori de Valpara\u00edso se traslada hasta su actual ubicaci\u00f3n, en un terreno\u00a0de 509 mts2 con 311 mts2 de construcci\u00f3n en la calle Av. Hospital Dr\u00a0Guillermo Mu\u0308nnich 733 en Cerro Alegre, Valpara\u00edso.\u00a0Desde 2011 hemos ido desarrollando paulatinamente dos niveles de aprendizaje:\u00a0Casa de Ni\u00f1os (educaci\u00f3n pre-escolar) y Taller (educaci\u00f3n b\u00e1sica).<\/p>\n<p style=\"text-align: justify;\">Si deseas saber m\u00e1s de nuestra la historia puedes ver este <a href=\"http:\/\/www.youtube.com\/watch?v=hxNJxDmTPqY&amp;list=UU5jWNovxDJZrlNz-OQg3xvg\" target=\"_blank\" rel=\"noopener noreferrer\">video<\/a>\u00a0realizado en 2013 por el programa de televisi\u00f3n Sin Patr\u00f3n producido por\u00a0<a href=\"http:\/\/www.trinacrio.cl\/\" target=\"_blank\" rel=\"noopener noreferrer\">Trinacrio<\/a><\/p>\n<p>&nbsp;<\/p>\n<h3 class=\"p1\"><\/h3>\n<h3 class=\"p1\" style=\"text-align: justify;\"><span style=\"color: #339966;\"><b>Nuestro Equipo<\/b><\/span><\/h3>\n<p style=\"text-align: justify;\">Lentamente hemos ido convocando y desarrollando a un equipo de personas provenientes de distintas disciplinas convencidos que\u00a0educaci\u00f3n debe estar centrada en las necesidades del ni\u00f1o. La educaci\u00f3n Montessori permite que cualquier persona, independiente de su formaci\u00f3n profesional inicial, pueda formarse para guiar al ni\u00f1o en su aprendizaje.<\/p>\n<p style=\"text-align: justify;\">El (la) Gu\u00eda tiene que conocer las etapas de desarrollo del ni\u00f1o y desarrollar en s\u00ed mismo la capacidad de observar, analizar y sensibilizarse para comprenderlo y seguirlo en cada paso. Para lograr esto, el (la) Gu\u00eda requiere trabajar intensamente en su propia persona y realizar los cambios que se requieran.<\/p>\n<h3><\/h3>\n<h3><\/h3>\n<p>&nbsp;<\/p>\n<h3><strong>Taller\u00a0<\/strong><\/h3>\n<p style=\"text-align: justify;\"><strong>Vanessa V\u00e1squez Grimaldi \u00a0(Directora general y Gu\u00eda Taller)\u00a0<\/strong>Licenciada en Arte, Universidad de Playa Ancha; egresada del Post\u00edtulo en Arte y Diplomada en Fomento Lector infantil y juvenil\u00a0Pontificia Universidad Cat\u00f3lica de Chile. Directora de Nuevos P\u00fablicos iniciativa dedicada a la mediaci\u00f3n de arte contempor\u00e1neo para p\u00fablico infantil. Mag\u00edster en Educaci\u00f3n Montessori (6 a 12 a\u00f1os) <a href=\"http:\/\/montessorispace.com\/\" target=\"_blank\" rel=\"noopener noreferrer\">IMI \/Universidad de Barcelona<\/a>. Actualmente cursa la Formaci\u00f3n para Gu\u00eda Montessori Primaria (6-12 a\u00f1os) <a href=\"http:\/\/ami-global.org\/\" target=\"_blank\" rel=\"noopener noreferrer\">AMI<\/a> (Asociaci\u00f3n Monstessori Internacional) en el <a href=\"http:\/\/www.cursosmontessori.com\/ES\" target=\"_blank\" rel=\"noopener noreferrer\">Montessori-Palau International Research &amp; Training Center (MIRTC),<\/a> Girona, Espa\u00f1a. Es mam\u00e1 Montessori.<\/p>\n<p style=\"text-align: justify;\"><strong>Charly Cerda (Co Gu\u00eda en Taller)\u00a0<\/strong>Profesor de Ingl\u00e9s, Universidad de Playa Ancha. Cursa la Maestria en Educaci\u00f3n Montessori (6 a 12 a\u00f1os) en la Acad\u00e9mia Montessori Chilena.<\/p>\n<p style=\"text-align: justify;\"><strong>Juan Carlos Ampuero\u00a0(Co Gu\u00eda en Taller) <\/strong>Licenciado en Arte Universidad Arcis.\u00a0Cursa la Maestria en Educaci\u00f3n Montessori (6 a 12 a\u00f1os) en la Acad\u00e9mia Montessori Chilena.<\/p>\n<p style=\"text-align: justify;\"><strong>Natalia V\u00e1squez Grimaldi (Artes M\u00fasicales en Taller)\u00a0<\/strong>Licenciada en M\u00fasica en la PUCV. Cantante y compositora. Particip\u00f3 en coro femenino de la PUCV\u00a0y\u00a0ha trabajado en diferentes proyectos de mediaci\u00f3n en arte vinculados principalmente con ni\u00f1os.<\/p>\n<p style=\"text-align: justify;\"><strong id=\"internal-source-marker_0.09872330189682543\">Gonzalo Vargas\u00a0(<\/strong><strong id=\"internal-source-marker_0.09872330189682543\">Educaci\u00f3n del cuerpo en Taller)\u00a0<\/strong>Licenciado en Pedagog\u00eda Educaci\u00f3n F\u00edsica, Universidad Santo Tom\u00e1s.<\/p>\n<p style=\"text-align: justify;\"><strong>Cristi\u00e1n Silva Soura (Artes Visuales en Taller)<\/strong> Artista Visual y Licenciado\u00a0en Artes de la PUC.<\/p>\n<p style=\"text-align: justify;\"><img loading=\"lazy\" decoding=\"async\" class=\"aligncenter wp-image-894\" src=\"https:\/\/www.montessorivalparaiso.org\/wawauta\/wp-content\/uploads\/2011\/10\/IMG_1476-1024x820.jpg\" alt=\"IMG_1476\" width=\"500\" height=\"400\" srcset=\"https:\/\/www.montessorivalparaiso.org\/wawauta\/wp-content\/uploads\/2011\/10\/IMG_1476-1024x820.jpg 1024w, https:\/\/www.montessorivalparaiso.org\/wawauta\/wp-content\/uploads\/2011\/10\/IMG_1476-300x240.jpg 300w, https:\/\/www.montessorivalparaiso.org\/wawauta\/wp-content\/uploads\/2011\/10\/IMG_1476-768x615.jpg 768w\" sizes=\"auto, (max-width: 500px) 100vw, 500px\" \/><\/p>\n<p>&nbsp;<\/p>\n<h3 style=\"text-align: left;\"><\/h3>\n<h3 style=\"text-align: left;\"><strong>Casa de Ni\u00f1os\u00a0<\/strong><\/h3>\n<p style=\"text-align: justify;\"><strong>Mar\u00eda Paz Knopke<\/strong>\u00a0<strong>(Gu\u00eda de Wawa Uta, Casa de Ni\u00f1os)\u00a0<\/strong>Profesora de Danza,Licenciada en Danza, Universidad ARCIS, Santiago de Chile. Ha realizado\u00a0cursos\u00a0en Educaci\u00f3n Montessori (0 a 6 a\u00f1os) en la Academia Montessori Chilena, en el Centro de Estudios Montessori y actualmente a trav\u00e9s de nuestra Escuela.<\/p>\n<p style=\"text-align: justify;\"><strong>Pablo Saavedra\u00a0<\/strong><strong>(Co Gu\u00eda, Casa de Ni\u00f1os)\u00a0<\/strong>Licenciado en Artes, Profesor de Artes Visuales en la Universidad ARCIS de\u00a0Valpara\u00edso. Ha realizado su capacitaci\u00f3n como gu\u00eda en nuestra Escuela.<\/p>\n<p style=\"text-align: justify;\"><img loading=\"lazy\" decoding=\"async\" class=\"size-full wp-image-895 aligncenter\" src=\"https:\/\/www.montessorivalparaiso.org\/wawauta\/wp-content\/uploads\/2011\/10\/IMG_1310-1.jpg\" alt=\"IMG_1310-1\" width=\"500\" height=\"375\" srcset=\"https:\/\/www.montessorivalparaiso.org\/wawauta\/wp-content\/uploads\/2011\/10\/IMG_1310-1.jpg 500w, https:\/\/www.montessorivalparaiso.org\/wawauta\/wp-content\/uploads\/2011\/10\/IMG_1310-1-300x225.jpg 300w\" sizes=\"auto, (max-width: 500px) 100vw, 500px\" \/><\/p>\n<p>&nbsp;<\/p>\n","protected":false},"excerpt":{"rendered":"<p>De nuestro Proyecto Educativo\u00a0Institucional (PEI) Visi\u00f3n La Escuela Montessori de Valpara\u00edso tiene como visi\u00f3n desarrollar una\u00a0educaci\u00f3n a escala humana orientada para la construcci\u00f3n de personas\u00a0(ni\u00f1os, ni\u00f1as y adultos) conscientes de su contexto social y ambiental, dispuestos\u00a0a enfrentar la diversidad cultural desde la comprensi\u00f3n mutua y\u00a0en&nbsp;<a href=\"https:\/\/www.montessorivalparaiso.org\/wawauta\/identidad-educativa\/\">&hellip;<\/a><\/p>\n","protected":false},"author":2,"featured_media":0,"parent":0,"menu_order":0,"comment_status":"open","ping_status":"open","template":"","meta":{"footnotes":""},"class_list":["post-8","page","type-page","status-publish","hentry","odd"],"_links":{"self":[{"href":"https:\/\/www.montessorivalparaiso.org\/wawauta\/wp-json\/wp\/v2\/pages\/8","targetHints":{"allow":["GET"]}}],"collection":[{"href":"https:\/\/www.montessorivalparaiso.org\/wawauta\/wp-json\/wp\/v2\/pages"}],"about":[{"href":"https:\/\/www.montessorivalparaiso.org\/wawauta\/wp-json\/wp\/v2\/types\/page"}],"author":[{"embeddable":true,"href":"https:\/\/www.montessorivalparaiso.org\/wawauta\/wp-json\/wp\/v2\/users\/2"}],"replies":[{"embeddable":true,"href":"https:\/\/www.montessorivalparaiso.org\/wawauta\/wp-json\/wp\/v2\/comments?post=8"}],"version-history":[{"count":0,"href":"https:\/\/www.montessorivalparaiso.org\/wawauta\/wp-json\/wp\/v2\/pages\/8\/revisions"}],"wp:attachment":[{"href":"https:\/\/www.montessorivalparaiso.org\/wawauta\/wp-json\/wp\/v2\/media?parent=8"}],"curies":[{"name":"wp","href":"https:\/\/api.w.org\/{rel}","templated":true}]}}