{"id":1396,"date":"2018-01-18T15:30:32","date_gmt":"2018-01-18T15:30:32","guid":{"rendered":"http:\/\/www.montessorivalparaiso.org\/wawauta\/?page_id=1396"},"modified":"2018-04-02T00:02:46","modified_gmt":"2018-04-02T00:02:46","slug":"salidas-de-estudio","status":"publish","type":"page","link":"https:\/\/www.montessorivalparaiso.org\/wawauta\/vida-escolar\/salidas-de-estudio\/","title":{"rendered":"Salidas de Estudio"},"content":{"rendered":"<p>[vc_row][vc_column][vc_custom_heading text=&#8221;Salidas de Estudio&#8221; use_theme_fonts=&#8221;yes&#8221;][vc_column_text]La educaci\u00f3n Montessori apunta a desarrollar la experiencia del aprendizaje a trav\u00e9s de conocimiento concreto y pr\u00e1ctico. Esto implica establecer un v\u00ednculo directo y material con cada \u00e1rea de aprendizaje. Regularmente realizamos salidas de estudio a diferentes lugares que nos permitan establecer ese v\u00ednculo. En este sentido, el <a href=\"http:\/\/jbn.cl\/\">Jard\u00edn Bot\u00e1nico Nacional<\/a> es nuestro lugar preferido para desarrollar investigaciones en ciencias, especialmente bot\u00e1nica. Como tambi\u00e9n las actividades del <a href=\"http:\/\/centex.cl\/\">CENTEX<\/a>\u00a0para reflexionar sobre arte, o las exposiciones y biblioteca del <a href=\"http:\/\/www.mhnv.cl\/sitio\/\">Museo de Historia Natural de Valpara\u00edso<\/a>.[\/vc_column_text][\/vc_column][\/vc_row][vc_row][vc_column][vc_gallery type=&#8221;image_grid&#8221; images=&#8221;891,1436,1430,1432,885,1438,1439,1442,1440,1441&#8243; img_size=&#8221;medium&#8221; css_animation=&#8221;fadeIn&#8221;][\/vc_column][\/vc_row]<\/p>\n","protected":false},"excerpt":{"rendered":"<p>[vc_row][vc_column][vc_custom_heading text=&#8221;Salidas de Estudio&#8221; use_theme_fonts=&#8221;yes&#8221;][vc_column_text]La educaci\u00f3n Montessori apunta a desarrollar la experiencia del aprendizaje a trav\u00e9s de conocimiento concreto y pr\u00e1ctico. Esto implica establecer un v\u00ednculo directo y material con cada \u00e1rea de aprendizaje. Regularmente realizamos salidas de estudio a diferentes lugares que nos permitan&nbsp;<a href=\"https:\/\/www.montessorivalparaiso.org\/wawauta\/vida-escolar\/salidas-de-estudio\/\">&hellip;<\/a><\/p>\n","protected":false},"author":2,"featured_media":0,"parent":1182,"menu_order":1,"comment_status":"closed","ping_status":"closed","template":"template-sidebar-right-childpages.php","meta":{"footnotes":""},"class_list":["post-1396","page","type-page","status-publish","hentry","odd"],"_links":{"self":[{"href":"https:\/\/www.montessorivalparaiso.org\/wawauta\/wp-json\/wp\/v2\/pages\/1396","targetHints":{"allow":["GET"]}}],"collection":[{"href":"https:\/\/www.montessorivalparaiso.org\/wawauta\/wp-json\/wp\/v2\/pages"}],"about":[{"href":"https:\/\/www.montessorivalparaiso.org\/wawauta\/wp-json\/wp\/v2\/types\/page"}],"author":[{"embeddable":true,"href":"https:\/\/www.montessorivalparaiso.org\/wawauta\/wp-json\/wp\/v2\/users\/2"}],"replies":[{"embeddable":true,"href":"https:\/\/www.montessorivalparaiso.org\/wawauta\/wp-json\/wp\/v2\/comments?post=1396"}],"version-history":[{"count":0,"href":"https:\/\/www.montessorivalparaiso.org\/wawauta\/wp-json\/wp\/v2\/pages\/1396\/revisions"}],"up":[{"embeddable":true,"href":"https:\/\/www.montessorivalparaiso.org\/wawauta\/wp-json\/wp\/v2\/pages\/1182"}],"wp:attachment":[{"href":"https:\/\/www.montessorivalparaiso.org\/wawauta\/wp-json\/wp\/v2\/media?parent=1396"}],"curies":[{"name":"wp","href":"https:\/\/api.w.org\/{rel}","templated":true}]}}