{"id":1181,"date":"2017-02-20T13:23:21","date_gmt":"2017-02-20T13:23:21","guid":{"rendered":"http:\/\/ed.aislinthemes.com\/?page_id=1009"},"modified":"2026-04-17T09:23:25","modified_gmt":"2026-04-17T12:23:25","slug":"menu-escolar","status":"publish","type":"page","link":"https:\/\/www.montessorivalparaiso.org\/wawauta\/vida-escolar\/menu-escolar\/","title":{"rendered":"Men\u00fa Escolar"},"content":{"rendered":"<p>[vc_row css=&#8221;.vc_custom_1489054141692{margin-bottom: 10px !important;}&#8221;][vc_column css=&#8221;.vc_custom_1459848263527{margin-bottom: 0px !important;}&#8221;][vc_custom_heading text=&#8221;Men\u00fa Escolar&#8221; font_container=&#8221;tag:h1|text_align:left&#8221; use_theme_fonts=&#8221;yes&#8221; css=&#8221;.vc_custom_1515589659337{margin-top: 0px !important;margin-bottom: 20px !important;}&#8221;][vc_custom_heading text=&#8221;Pol\u00edtica de Alimentaci\u00f3n&#8221; font_container=&#8221;tag:h4|text_align:left&#8221; use_theme_fonts=&#8221;yes&#8221; css=&#8221;.vc_custom_1515589768822{margin-bottom: 10px !important;}&#8221;][vc_column_text css=&#8221;.vc_custom_1595358162199{margin-bottom: 0px !important;}&#8221;]La alimentaci\u00f3n en nuestra escuela es un eje fundamental principalmente en Casa de ni\u00f1os\/ Wawa Uta. Se privilegia el consumo de las verduras y cereales. El men\u00fa semanal est\u00e1 preparado en base a frutas y verduras frescas. Los estudiantes almuerzan en el sal\u00f3n junto a sus gu\u00edas como parte del \u00e1rea de vida pr\u00e1ctica. <strong>En el nivel de Wawa Uta la alimentaci\u00f3n, tanto en la colaci\u00f3n y almuerzo, est\u00e1n incorporada en la mensualidad.<\/strong><\/p>\n<p>En el nivel de Taller (Mayor y menor) solo la alimentaci\u00f3n de la colaci\u00f3n es provista por la Escuela. El almuerzo debe ser enviado por cada familia en un termo o bien ser calentada por un horno microondas en la Escuela.[\/vc_column_text][vc_custom_heading text=&#8221;Valores del Men\u00fa&#8221; font_container=&#8221;tag:h3|text_align:left&#8221; use_theme_fonts=&#8221;yes&#8221; css=&#8221;.vc_custom_1516825542587{margin-bottom: 10px !important;}&#8221;][vc_column_text css=&#8221;.vc_custom_1771598459902{margin-bottom: 0px !important;}&#8221;]Si desean pueden adquirir el almuerzo de la Escuela, que para este a\u00f1o <strong>2026<\/strong> tiene un precio de <strong>$57,000.- mensuales. <\/strong>Este valor debe ser cancelado los primero 5 d\u00edas del mes. Si el estudiante se ausenta m\u00e1s de 15 d\u00edas el valor del almuerzo se descuenta proporcionalmente. Se debe dar aviso de la cancelaci\u00f3n o adquisici\u00f3n del men\u00fa antes del d\u00eda 30 del mes anterior.[\/vc_column_text][vc_empty_space][\/vc_column][\/vc_row][vc_row][vc_column][vc_custom_heading text=&#8221;Minuta semanal del 20 al 23 de abril&#8221; font_container=&#8221;tag:h3|text_align:left&#8221; use_theme_fonts=&#8221;yes&#8221;][\/vc_column][\/vc_row][vc_row][vc_column css=&#8221;.vc_custom_1487597693309{background-color: #ffffff !important;}&#8221;][vc_tta_tabs style=&#8221;flat&#8221; shape=&#8221;square&#8221; color=&#8221;blue&#8221; spacing=&#8221;2&#8243; active_section=&#8221;1&#8243; no_fill_content_area=&#8221;true&#8221; el_class=&#8221;wh-custom-tabs&#8221;][vc_tta_section title=&#8221;Lunes&#8221; tab_id=&#8221;1516044081854-07ccd426-27e4&#8243;][vc_row_inner][vc_column_inner width=&#8221;1\/2&#8243;][vc_custom_heading text=&#8221;Lentejas; Ensalada surtida; Yogurt&#8221; font_container=&#8221;tag:h5|text_align:left&#8221; use_theme_fonts=&#8221;yes&#8221;][\/vc_column_inner][vc_column_inner width=&#8221;1\/2&#8243;][\/vc_column_inner][\/vc_row_inner][\/vc_tta_section][vc_tta_section title=&#8221;Martes&#8221; tab_id=&#8221;1516044096287-6324687d-0923&#8243;][vc_row_inner][vc_column_inner width=&#8221;1\/2&#8243;][vc_custom_heading text=&#8221;Arroz primavera; Ensalada surtida; Cabritas&#8221; font_container=&#8221;tag:h5|text_align:left&#8221; use_theme_fonts=&#8221;yes&#8221;][\/vc_column_inner][vc_column_inner width=&#8221;1\/2&#8243;][\/vc_column_inner][\/vc_row_inner][\/vc_tta_section][vc_tta_section title=&#8221;Mi\u00e9rcoles&#8221; tab_id=&#8221;1487946244735-79d4387a-ba5e&#8221;][vc_row_inner][vc_column_inner width=&#8221;1\/2&#8243;][vc_custom_heading text=&#8221;Bud\u00edn de coliflor, Ensalada surtida; Queque&#8221; font_container=&#8221;tag:h5|text_align:left&#8221; use_theme_fonts=&#8221;yes&#8221;][\/vc_column_inner][vc_column_inner width=&#8221;1\/2&#8243;][\/vc_column_inner][\/vc_row_inner][\/vc_tta_section][vc_tta_section title=&#8221;Jueves&#8221; tab_id=&#8221;1516044134291-b391cfab-5679&#8243;][vc_row_inner][vc_column_inner width=&#8221;1\/2&#8243;][vc_custom_heading text=&#8221;Pasta con s\u00e9samo y parmesano, Ensalada surtida; Gelatina&#8221; font_container=&#8221;tag:h5|text_align:left&#8221; use_theme_fonts=&#8221;yes&#8221;][\/vc_column_inner][vc_column_inner width=&#8221;1\/2&#8243;][\/vc_column_inner][\/vc_row_inner][\/vc_tta_section][vc_tta_section title=&#8221;Viernes&#8221; tab_id=&#8221;1516044154431-c357dfb1-53d6&#8243;][vc_row_inner][vc_column_inner width=&#8221;1\/2&#8243;][vc_custom_heading text=&#8221;&#8221; font_container=&#8221;tag:h5|text_align:left&#8221; use_theme_fonts=&#8221;yes&#8221;][\/vc_column_inner][vc_column_inner width=&#8221;1\/2&#8243;][\/vc_column_inner][\/vc_row_inner][\/vc_tta_section][\/vc_tta_tabs][vc_empty_space][vc_separator][vc_row_inner][vc_column_inner][vc_single_image image=&#8221;2255&#8243; img_size=&#8221;full&#8221;][\/vc_column_inner][\/vc_row_inner][\/vc_column][\/vc_row]<\/p>\n","protected":false},"excerpt":{"rendered":"<p>[vc_row css=&#8221;.vc_custom_1489054141692{margin-bottom: 10px !important;}&#8221;][vc_column css=&#8221;.vc_custom_1459848263527{margin-bottom: 0px !important;}&#8221;][vc_custom_heading text=&#8221;Men\u00fa Escolar&#8221; font_container=&#8221;tag:h1|text_align:left&#8221; use_theme_fonts=&#8221;yes&#8221; css=&#8221;.vc_custom_1515589659337{margin-top: 0px !important;margin-bottom: 20px !important;}&#8221;][vc_custom_heading text=&#8221;Pol\u00edtica de Alimentaci\u00f3n&#8221; font_container=&#8221;tag:h4|text_align:left&#8221; use_theme_fonts=&#8221;yes&#8221; css=&#8221;.vc_custom_1515589768822{margin-bottom: 10px !important;}&#8221;][vc_column_text css=&#8221;.vc_custom_1595358162199{margin-bottom: 0px !important;}&#8221;]La alimentaci\u00f3n en nuestra escuela es un eje fundamental principalmente en Casa de ni\u00f1os\/ Wawa Uta. Se privilegia el&nbsp;<a href=\"https:\/\/www.montessorivalparaiso.org\/wawauta\/vida-escolar\/menu-escolar\/\">&hellip;<\/a><\/p>\n","protected":false},"author":2,"featured_media":0,"parent":1182,"menu_order":6,"comment_status":"closed","ping_status":"closed","template":"template-sidebar-right-childpages.php","meta":{"footnotes":""},"class_list":["post-1181","page","type-page","status-publish","hentry","odd"],"_links":{"self":[{"href":"https:\/\/www.montessorivalparaiso.org\/wawauta\/wp-json\/wp\/v2\/pages\/1181","targetHints":{"allow":["GET"]}}],"collection":[{"href":"https:\/\/www.montessorivalparaiso.org\/wawauta\/wp-json\/wp\/v2\/pages"}],"about":[{"href":"https:\/\/www.montessorivalparaiso.org\/wawauta\/wp-json\/wp\/v2\/types\/page"}],"author":[{"embeddable":true,"href":"https:\/\/www.montessorivalparaiso.org\/wawauta\/wp-json\/wp\/v2\/users\/2"}],"replies":[{"embeddable":true,"href":"https:\/\/www.montessorivalparaiso.org\/wawauta\/wp-json\/wp\/v2\/comments?post=1181"}],"version-history":[{"count":0,"href":"https:\/\/www.montessorivalparaiso.org\/wawauta\/wp-json\/wp\/v2\/pages\/1181\/revisions"}],"up":[{"embeddable":true,"href":"https:\/\/www.montessorivalparaiso.org\/wawauta\/wp-json\/wp\/v2\/pages\/1182"}],"wp:attachment":[{"href":"https:\/\/www.montessorivalparaiso.org\/wawauta\/wp-json\/wp\/v2\/media?parent=1181"}],"curies":[{"name":"wp","href":"https:\/\/api.w.org\/{rel}","templated":true}]}}