{"id":1173,"date":"2017-01-30T11:25:49","date_gmt":"2017-01-30T11:25:49","guid":{"rendered":"http:\/\/ed.aislinthemes.com\/?page_id=20"},"modified":"2023-07-23T21:30:46","modified_gmt":"2023-07-24T00:30:46","slug":"recursos-para-familia","status":"publish","type":"page","link":"https:\/\/www.montessorivalparaiso.org\/wawauta\/recursos-para-familia\/","title":{"rendered":"Recursos para Familias"},"content":{"rendered":"<p>[vc_row][vc_column][vc_custom_heading text=&#8221;Recursos para Familias&#8221; use_theme_fonts=&#8221;yes&#8221;][vc_custom_heading text=&#8221;Las familias en la educaci\u00f3n Montessori son un pilar fundamental.<br \/>\nCaminamos juntos apoyando la autonom\u00eda de nuestr@s estudiantes.&#8221; font_container=&#8221;tag:h4|text_align:left&#8221; use_theme_fonts=&#8221;yes&#8221;][vc_empty_space][\/vc_column][\/vc_row][vc_row css=&#8221;.vc_custom_1690158498149{background-color: #debe47 !important;}&#8221;][vc_column][vc_custom_heading text=&#8221;Jornadas \/ Textos \/ Videos&#8221; font_container=&#8221;tag:h3|text_align:left&#8221; use_theme_fonts=&#8221;yes&#8221;][vc_custom_heading text=&#8221;Queremos invitar a nuestras familias a revisar la informaci\u00f3n disponible en esta p\u00e1gina. En especial el apartado de Blog para Familias donde podr\u00e1n revisar estrat\u00e9gias de apoyo en diferentes \u00e1reas.&#8221; font_container=&#8221;tag:h5|text_align:left&#8221; use_theme_fonts=&#8221;yes&#8221;][vc_empty_space][\/vc_column][\/vc_row][vc_row][vc_column width=&#8221;1\/2&#8243;][vc_custom_heading text=&#8221;Jornadas Montessori para Madres y Padres&#8221; font_container=&#8221;tag:h5|text_align:left&#8221; use_theme_fonts=&#8221;yes&#8221;][vc_column_text]La comunidad de familias de nuestra escuela se ha ido fortaleciendo paso a paso. Comprometidos por aprender y comprender el desarrollo de los ni\u00f1@s de forma continua. Cada semestre realizamos una &#8220;Jornada Montessori para Apoderados&#8221; donde compartimos informaci\u00f3n, presentamos materiales de sal\u00f3n, reflexionamos sobre la educaci\u00f3n de nuestros estudiantes, y el apoyo que requieren desde sus hogares. \u00c9stas jornadas tienen gran participaci\u00f3n e inter\u00e9s y demuestran el grado de compromiso de las familias por la educaci\u00f3n de nuestros estudiantes.<\/p>\n<p>Revisa nuestro <a href=\"https:\/\/www.montessorivalparaiso.org\/wawauta\/eventos\/\" target=\"_blank\" rel=\"noopener\">calendario<\/a> de eventos para agendar nuestra pr\u00f3xima jornada.[\/vc_column_text][\/vc_column][vc_column width=&#8221;1\/2&#8243;][vc_single_image image=&#8221;2162&#8243; img_size=&#8221;full&#8221;][\/vc_column][\/vc_row][vc_row][vc_column][vc_custom_heading text=&#8221;Recursos de apoyo&#8221; font_container=&#8221;tag:h5|text_align:left&#8221; use_theme_fonts=&#8221;yes&#8221;][vc_column_text]Existe una gran cantidad de literatura que puede ayudar a comprender Montessori, desde estudios acad\u00e9micos, libros tem\u00e1ticos y videos. Adem\u00e1s de toda la bibliograf\u00eda escrita por Mar\u00eda Montessori. Ac\u00e1 hemos proporcionado una selecci\u00f3n de recursos para orientarlos. Mucha de la informaci\u00f3n est\u00e1 en ingl\u00e9s y se puede adquirir en portales como <a href=\"https:\/\/www.amazon.com\/\">amazon<\/a> o <a href=\"https:\/\/www.buscalibre.cl\/\">buscalibre.cl<\/a>[\/vc_column_text][vc_text_separator title=&#8221;Libros&#8221; i_icon_fontawesome=&#8221;fa fa-book&#8221; add_icon=&#8221;true&#8221;][vc_column_text]<\/p>\n<h5>Libros sobre educaci\u00f3n Montessori<\/h5>\n<ul>\n<li><strong><em>Montessori Today, un enfoque integral de la educaci\u00f3n desde el nacimiento hasta la adultez,\u00a0<\/em><\/strong>\u00a0Paula Polk Lillard (ingl\u00e9s)<\/li>\n<li id=\"yui_3_17_2_1_1516200046425_249\"><em><strong>Montessori: La ciencia detr\u00e1s del genio,<\/strong><\/em><em><strong>\u00a0<\/strong><\/em><span id=\"yui_3_17_2_1_1516200046425_248\"><span id=\"yui_3_17_2_1_1516200046425_247\">Angelene Stoll Lillard\u00a0(ingl\u00e9s)<\/span><\/span><a href=\"http:\/\/hollismontessori.org\/s\/Lillard_Montessori_Science_Genius_Ch1.pdf\">Descargar el cap\u00edtulo 1 de La ciencia detr\u00e1s del genio<\/a><\/li>\n<li><em><strong>\u00a1Locura Montessori!,\u00a0<\/strong><\/em>\u00a0Trevor Eissler\u00a0(ingl\u00e9s)<\/li>\n<li><strong><em><span id=\"productTitle\" class=\"a-size-large\">Montessori en casa: El cambio empieza en tu familia,\u00a0<\/span><\/em><\/strong><span id=\"productTitle\" class=\"a-size-large\"><\/span><span id=\"productTitle\" class=\"a-size-large\">Cristina T\u00e9bar Montes (espa\u00f1ol)<\/span><\/li>\n<li><em style=\"line-height: inherit;\"><strong>La revolucion Montessori en la educacion, <\/strong><\/em><span style=\"line-height: inherit;\">E. M. Standig (espa\u00f1ol)<\/span><\/li>\n<li><em style=\"line-height: 1.5;\"><strong>Una gu\u00eda para los padres del aula Montessori,\u00a0<\/strong><\/em><span style=\"line-height: 1.5;\">\u00a0Aline D. Wolf\u00a0(espa\u00f1ol- solicita nuestra edici\u00f3n en la direcci\u00f3n)<\/span><\/li>\n<li><strong><em>C\u00f3mo obtener lo mejor de tus hijos: Desarrolla sus capacidades y potencia su autoestima con el m\u00e9todo Montessori (EMBARAZO, BEBE Y NI\u00d1O)\u00a0<\/em><\/strong>Tim Seldin (espa\u00f1ol)<\/li>\n<\/ul>\n<h5>Selecci\u00f3n de Libros de Amanda C\u00e9spedes<\/h5>\n<ul>\n<li><em><strong>Ni\u00f1os con pataleta, adolescentes desafiantes<\/strong><\/em><\/li>\n<li><em><strong>Educar las emociones, educar para la vida<\/strong><\/em><\/li>\n<li><em><strong>100 preguntas sobre educaci\u00f3n escolar<\/strong><\/em><\/li>\n<li><em><strong>Esos locos bajitos. Compromiso educativo en la primera infancia<\/strong><\/em><\/li>\n<\/ul>\n<p>[\/vc_column_text][vc_column_text]<\/p>\n<h5>Libros escritos por Mar\u00eda Montessori<\/h5>\n<p>La editorial <a href=\"https:\/\/montessori-pierson.com\/serie-montessori-espa-ol.html\">Montessori-Pierson<\/a> conjuntamente con AMI esta re editando todos los texto y escritos de Mar\u00eda Montessori ac\u00e1 puedes ver el listado de la serie en espa\u00f1ol<\/p>\n<ul>\n<li><b><i>La mente absorbente del ni\u00f1o<\/i><\/b><\/li>\n<li id=\"yui_3_17_2_1_1516200046425_249\"><b><i>La formaci\u00f3n del hombre<\/i><\/b><\/li>\n<li><em><strong>El Ni\u00f1o, el secreto de la infancia<\/strong><\/em><\/li>\n<li><strong><em>Educar para un mundo nuevo<\/em><\/strong><\/li>\n<li><strong><em>La educaci\u00f3n de las potencialidades humanas<\/em><\/strong><\/li>\n<li><strong><em>El ni\u00f1o en familia<\/em><\/strong><\/li>\n<li><strong><em>Educaci\u00f3n y Paz<\/em><\/strong><\/li>\n<li><strong><em>De la infancia a la adolescencia<\/em><\/strong><\/li>\n<li><strong><em>Maria Montessori les habla a los Padres<\/em><\/strong><\/li>\n<li><em><strong>Lo que deber\u00edas saber acerca de tu hijo<\/strong><\/em><\/li>\n<\/ul>\n<p>Si est\u00e1s interesado los puedes adquirir en Chile <a href=\"https:\/\/www.ambientemontessori.cl\/todos-los-productos?fbclid=IwAR1acmLHskm7njnbORlkCDaTUFK9mlztVQ-zB167g5GdklPDydpA75RFAws\">ac\u00e1<\/a>[\/vc_column_text][vc_text_separator title=&#8221;Videos&#8221; i_icon_fontawesome=&#8221;fa fa-video-camera&#8221; add_icon=&#8221;true&#8221;][\/vc_column][\/vc_row][vc_row][vc_column width=&#8221;1\/3&#8243;][vc_video link=&#8221;https:\/\/www.youtube.com\/watch?v=sQtiVc3zAis&#8221;][vc_custom_heading text=&#8221;La locura Montessori&#8221; font_container=&#8221;tag:h5|text_align:left&#8221; use_theme_fonts=&#8221;yes&#8221;][vc_column_text]La locura Montessori, explora como la educaci\u00f3n Montessori prepara mejor a los ni\u00f1os para el mundo. Trevor Eissler, es piloto de aviones de Jet y es un ferviente padre Montessori, conferencista y autor de <a href=\"http:\/\/www.montessorimadness.com\/\">Montessori Madness\u00a0<\/a>(espa\u00f1ol)[\/vc_column_text][\/vc_column][vc_column width=&#8221;1\/3&#8243;][vc_video link=&#8221;https:\/\/www.youtube.com\/watch?v=faYco1b-IJI&#8221;][vc_custom_heading text=&#8221;Montessori y el futuro de la educaci\u00f3n&#8221; font_container=&#8221;tag:h5|text_align:left&#8221; use_theme_fonts=&#8221;yes&#8221;][vc_column_text]Dr. Steve Hughes es un destacado Neuropsicologo pedi\u00e1trico de fama mundial que defiende los beneficios de la educaci\u00f3n Montessori. A visitado chile en varias ocaciones. Revisa su <a href=\"http:\/\/www.goodatdoingthings.com\/SteveHughes\/Welcome.html\">web<\/a>.[\/vc_column_text][\/vc_column][vc_column width=&#8221;1\/3&#8243;][vc_video link=&#8221;https:\/\/www.youtube.com\/watch?v=0VhtKX82GVI&amp;t=131s&#8221;][vc_custom_heading text=&#8221;Educaci\u00f3n Montessori&#8221; font_container=&#8221;tag:h5|text_align:left&#8221; use_theme_fonts=&#8221;yes&#8221;][vc_column_text]<\/p>\n<p class=\"title style-scope ytd-video-primary-info-renderer\">El enfoque Montessori se trata de crear ni\u00f1os para una vida de cari\u00f1o. (ingl\u00e9s)<\/p>\n<p>[\/vc_column_text][\/vc_column][\/vc_row][vc_row][vc_column width=&#8221;1\/3&#8243;][vc_video link=&#8221;https:\/\/youtu.be\/zRpgnbJ_S8Y&#8221;][vc_custom_heading text=&#8221;Montessori en el Hogar&#8221; font_container=&#8221;tag:h5|text_align:left&#8221; use_theme_fonts=&#8221;yes&#8221;][vc_column_text]<\/p>\n<div class=\"elementor-element elementor-element-6e12699 elementor-widget elementor-widget-text-editor\" data-id=\"6e12699\" data-element_type=\"widget\" data-widget_type=\"text-editor.default\">\n<div class=\"elementor-widget-container\">\n<div class=\"elementor-text-editor elementor-clearfix\">\n<p>Entrevista a la Dra <a href=\"https:\/\/misdami.org\/montessori-teacher-training-california\/about-misd-ami-training-centers\/meet-our-staff-3\/\">Silvia Dubovoy<\/a> sobre los<strong> principios de Montessori en el hogar<\/strong>. Entrevista orientada a familias.<\/p>\n<\/div>\n<\/div>\n<\/div>\n<p>[\/vc_column_text][\/vc_column][vc_column width=&#8221;1\/3&#8243;][vc_video link=&#8221;https:\/\/www.youtube.com\/watch?v=fnfbe8M_Vxg&#8221;][vc_custom_heading text=&#8221;Conferencia Angeline Lilliard&#8221; font_container=&#8221;tag:h5|text_align:left&#8221; use_theme_fonts=&#8221;yes&#8221;][vc_column_text]<\/p>\n<div class=\"elementor-element elementor-element-6e12699 elementor-widget elementor-widget-text-editor\" data-id=\"6e12699\" data-element_type=\"widget\" data-widget_type=\"text-editor.default\">\n<div class=\"elementor-widget-container\">\n<div class=\"elementor-text-editor elementor-clearfix\">\n<p>Conferencia de <a href=\"https:\/\/en.wikipedia.org\/wiki\/Angeline_Stoll_Lillard\">Angeline Lillard<\/a> en la Convenci\u00f3n Anual Montessori de la Asociaci\u00f3n Montessori Internacional 2018. (Ingl\u00e9s)<\/p>\n<\/div>\n<\/div>\n<\/div>\n<p>[\/vc_column_text][\/vc_column][vc_column width=&#8221;1\/3&#8243;][vc_video link=&#8221;https:\/\/www.youtube.com\/watch?v=UzmvtVAuuyI&#8221;][vc_custom_heading text=&#8221;Caracteristicas de la Educaci\u00f3n Montessori&#8221; font_container=&#8221;tag:h5|text_align:left&#8221; use_theme_fonts=&#8221;yes&#8221;][vc_column_text]<\/p>\n<div class=\"elementor-element elementor-element-6e12699 elementor-widget elementor-widget-text-editor\" data-id=\"6e12699\" data-element_type=\"widget\" data-widget_type=\"text-editor.default\">\n<div class=\"elementor-widget-container\">\n<div class=\"elementor-text-editor elementor-clearfix\">\n<p>Animaci\u00f3n sobre los principios de Mar\u00eda Montessori<\/p>\n<\/div>\n<\/div>\n<\/div>\n<p>[\/vc_column_text][\/vc_column][\/vc_row][vc_row][vc_column][vc_text_separator title=&#8221;Enlaces&#8221; i_icon_fontawesome=&#8221;fa fa-window-maximize&#8221; add_icon=&#8221;true&#8221;][vc_column_text]<\/p>\n<h5>Enlaces a sitios de inter\u00e9s<\/h5>\n<p>Ac\u00e1 encontrar\u00e1n una selecci\u00f3n de sitios sobre Montessori que van desde lo m\u00e1s institucional a blogs pensados especialmente para familias<\/p>\n<ul>\n<li><a href=\"https:\/\/ami-global.org\/\" target=\"_blank\" rel=\"noopener noreferrer\">Asociaci\u00f3n Montessori Internacional AMI<\/a><\/li>\n<li><a href=\"https:\/\/amiusa.org\/\">Asociaci\u00f3n Montessori Internacional AMI\/ USA<\/a><\/li>\n<li><a href=\"http:\/\/amshq.org\/\" target=\"_blank\" rel=\"noopener noreferrer\">Sociedad Montessori Americana AMS<\/a><\/li>\n<li><a href=\"http:\/\/montessoriguide.org\/\" target=\"_blank\" rel=\"noopener noreferrer\">Montessori Guide<\/a><\/li>\n<li><a href=\"https:\/\/www.fundacionmontessori.org\/\">Fundaci\u00f3n Argentina Maria Montessori<\/a><\/li>\n<li><a href=\"https:\/\/www.mariamontessori.com\/\">MariaMontentessori.com<\/a><\/li>\n<\/ul>\n<p>Blog para Familias<\/p>\n<ul>\n<li><a href=\"http:\/\/aidtolife.org\/es\/index.html\">Ayuda a la Vida de AMI<\/a><\/li>\n<li><a href=\"https:\/\/forestbluffschool.org\/blog\/\" target=\"_blank\" rel=\"noopener noreferrer\">Forest Bluff School Blog<\/a><\/li>\n<li><a href=\"https:\/\/hollismontessori.org\/blog\">Hollis Montessori Blog<\/a><\/li>\n<li><a href=\"http:\/\/www.creciendoconmontessori.com\/\">Creciendo con Montessori<\/a><\/li>\n<li><a href=\"https:\/\/www.montessoriencasa.es\/\" target=\"_blank\" rel=\"noopener noreferrer\">Montessori en Casas<\/a><\/li>\n<li><a href=\"https:\/\/elmetodomontessori.com\/\" target=\"_blank\" rel=\"noopener noreferrer\">El Metodo Montessori.com<\/a><\/li>\n<li><a href=\"http:\/\/mariovalle.name\/montessori\/why-not.html\">Blog de Mario Valle.<\/a> Cient\u00edfico y padre Montessori<\/li>\n<\/ul>\n<p>[\/vc_column_text][\/vc_column][\/vc_row][vc_row][vc_column][vc_text_separator title=&#8221;Art\u00edculos de prensa&#8221; i_icon_fontawesome=&#8221;fa fa-file-text-o&#8221; add_icon=&#8221;true&#8221;][vc_column_text]<\/p>\n<h5>Art\u00edculos de Prensa<\/h5>\n<p>Ac\u00e1 encontrar\u00e1n una selecci\u00f3n de art\u00edculos de prensa sobre Montessori.<\/p>\n<ul>\n<li><a href=\"https:\/\/blogs.wsj.com\/ideas-market\/2011\/04\/05\/the-montessori-mafia\/\" target=\"_blank\" rel=\"noopener noreferrer\">La Mafia Montessori. The Wall Street Journal<\/a><\/li>\n<li><a href=\"https:\/\/www.forbes.com\/sites\/stevedenning\/2011\/08\/02\/is-montessori-the-origin-of-google-amazon\/#323203fa467a\">\u00bfMontessori es el origen de Google y Amazon?. Forbes<\/a><\/li>\n<li><a href=\"http:\/\/science.sciencemag.org\/content\/313\/5795\/1893\">Evaluaci\u00f3n de la educaci\u00f3n Montessori. Science Magazine<\/a><\/li>\n<li><a href=\"https:\/\/www.theguardian.com\/education\/2006\/sep\/29\/schools.uk\">Investigaci\u00f3n muestra los beneficios de la educaci\u00f3n Montessori. The Guardian<\/a><\/li>\n<li><a href=\"https:\/\/www.forbes.com\/sites\/emilylanghorne\/2019\/03\/27\/the-montessori-comeback\/?fbclid=IwAR1TwZp0XnIFVLV7gQNyaoQG3hu766aNZzQ4xiTGPBIt-O3V21dQPaOoH8o#682c39464802\">El regreso de Montessori. Forbes<\/a><\/li>\n<li><span class=\"\"><a href=\"https:\/\/fee.org\/articles\/maria-montessori-who-gave-children-everywhere-freedom-to-achieve-independence\/?fbclid=IwAR1htOJaVzTU1zsfxjPnO5Oe2uW93YkAhY1peK37XNvKnYzD1aZxZXlvZHM\">Maria Montessori, que dio a los ni\u00f1os en todas partes la libertad para lograr la independencia. FEE.ORG<\/a><br \/>\n<\/span><\/li>\n<\/ul>\n<p>[\/vc_column_text][\/vc_column][\/vc_row]<\/p>\n","protected":false},"excerpt":{"rendered":"<p>[vc_row][vc_column][vc_custom_heading text=&#8221;Recursos para Familias&#8221; use_theme_fonts=&#8221;yes&#8221;][vc_custom_heading text=&#8221;Las familias en la educaci\u00f3n Montessori son un pilar fundamental. Caminamos juntos apoyando la autonom\u00eda de nuestr@s estudiantes.&#8221; font_container=&#8221;tag:h4|text_align:left&#8221; use_theme_fonts=&#8221;yes&#8221;][vc_empty_space][\/vc_column][\/vc_row][vc_row css=&#8221;.vc_custom_1690158498149{background-color: #debe47 !important;}&#8221;][vc_column][vc_custom_heading text=&#8221;Jornadas \/ Textos \/ Videos&#8221; font_container=&#8221;tag:h3|text_align:left&#8221; use_theme_fonts=&#8221;yes&#8221;][vc_custom_heading text=&#8221;Queremos invitar a nuestras familias a revisar la informaci\u00f3n disponible&nbsp;<a href=\"https:\/\/www.montessorivalparaiso.org\/wawauta\/recursos-para-familia\/\">&hellip;<\/a><\/p>\n","protected":false},"author":2,"featured_media":0,"parent":0,"menu_order":0,"comment_status":"closed","ping_status":"closed","template":"template-fullwidth-no-title.php","meta":{"footnotes":""},"class_list":["post-1173","page","type-page","status-publish","hentry","odd"],"_links":{"self":[{"href":"https:\/\/www.montessorivalparaiso.org\/wawauta\/wp-json\/wp\/v2\/pages\/1173","targetHints":{"allow":["GET"]}}],"collection":[{"href":"https:\/\/www.montessorivalparaiso.org\/wawauta\/wp-json\/wp\/v2\/pages"}],"about":[{"href":"https:\/\/www.montessorivalparaiso.org\/wawauta\/wp-json\/wp\/v2\/types\/page"}],"author":[{"embeddable":true,"href":"https:\/\/www.montessorivalparaiso.org\/wawauta\/wp-json\/wp\/v2\/users\/2"}],"replies":[{"embeddable":true,"href":"https:\/\/www.montessorivalparaiso.org\/wawauta\/wp-json\/wp\/v2\/comments?post=1173"}],"version-history":[{"count":0,"href":"https:\/\/www.montessorivalparaiso.org\/wawauta\/wp-json\/wp\/v2\/pages\/1173\/revisions"}],"wp:attachment":[{"href":"https:\/\/www.montessorivalparaiso.org\/wawauta\/wp-json\/wp\/v2\/media?parent=1173"}],"curies":[{"name":"wp","href":"https:\/\/api.w.org\/{rel}","templated":true}]}}