{"id":1164,"date":"2017-02-14T08:13:28","date_gmt":"2017-02-14T08:13:28","guid":{"rendered":"http:\/\/ed.aislinthemes.com\/?page_id=651"},"modified":"2025-04-04T12:56:04","modified_gmt":"2025-04-04T15:56:04","slug":"historia","status":"publish","type":"page","link":"https:\/\/www.montessorivalparaiso.org\/wawauta\/nosotros\/historia\/","title":{"rendered":"Historia"},"content":{"rendered":"<p>[vc_row][vc_column css=&#8221;.vc_custom_1490017810346{margin-bottom: 0px !important;}&#8221;][vc_custom_heading text=&#8221;Historia&#8221; font_container=&#8221;tag:h1|text_align:left&#8221; use_theme_fonts=&#8221;yes&#8221; css=&#8221;.vc_custom_1514384227753{margin-top: 0px !important;margin-bottom: 20px !important;}&#8221;][vc_custom_heading text=&#8221;La Escuela Montessori de Valpara\u00edso nace en 2010 como una iniciativa colectiva de un peque\u00f1o grupo de familias, para proyectar una Escuela B\u00e1sica que pertima educar a sus hij@s bajo la filosof\u00eda Montessori.&#8221; font_container=&#8221;tag:h4|text_align:left&#8221; use_theme_fonts=&#8221;yes&#8221;][vc_single_image image=&#8221;1415&#8243; img_size=&#8221;full&#8221; add_caption=&#8221;yes&#8221; css_animation=&#8221;fadeIn&#8221;][vc_custom_heading text=&#8221;El motor del Arte&#8221; font_container=&#8221;tag:h5|text_align:left&#8221; use_theme_fonts=&#8221;yes&#8221;][vc_column_text]Nuestra escuela nace como la mayor\u00eda de las escuelas Montessori independientes en el mundo. Esto es, gracias a la determinaci\u00f3n de un peque\u00f1o grupo de familias interesadas en cambiar el paradigma de educaci\u00f3n, iniciando su camino, generalmente en livings, garages de casas o en lugares prestados.<\/p>\n<p>Vanessa V\u00e1squez Grimaldi y Pedro Sep\u00falveda, madre y padre de familia, dirigen desde un comienzo el rumbo de la iniciativa. Luego de haber trabajado por 10 a\u00f1os en campo de las artes visuales, dise\u00f1o y ediciones deciden\u00a0investigar diferentes enfoques pedag\u00f3gicos para educar a sus propios hijos. Es as\u00ed, que descubren los principios desarrollados por la Dra. Mar\u00eda Montessori donde ven reflejado el potencial art\u00edstico del m\u00e9todo en s\u00ed mismo y su fortaleza acad\u00e9mica.[\/vc_column_text][\/vc_column][\/vc_row][vc_row css=&#8221;.vc_custom_1487939485688{margin-bottom: 15px !important;}&#8221;][vc_column css=&#8221;.vc_custom_1487245046801{padding-top: 20px !important;}&#8221;]\n\t\t\t\t\t<div class=\"wh-theme-icon  scp_theme_icon-76c522af805b3c70d3c23d3583857388\">\n\t\t\t\t<i class=\"icon-edclock-one\"><\/i>\n\t\t\t<\/div>\n\t\t\t\t[vc_custom_heading text=&#8221;2010, el inicio&#8221; font_container=&#8221;tag:h5|text_align:left&#8221; use_theme_fonts=&#8221;yes&#8221; css=&#8221;.vc_custom_1514384295447{padding-left: 15px !important;}&#8221;][vc_column_text css=&#8221;.vc_custom_1743781923715{padding-left: 15px !important;}&#8221;]A finales de 2009 se convoc\u00f3 a un peque\u00f1o grupo de familias interesadas en el proyecto, y despu\u00e9s de infructuosas b\u00fasquedas de lugares para instalarse y tras el terremoto del 27 de febrero, se inici\u00f3 la Escuela con una Casa de Ni\u00f1os (pre-escolar) para 7 ni\u00f1@s en el living de la casa de la familia Sep\u00falveda V\u00e1squez, en Cerro Florida, Valpara\u00edso.[\/vc_column_text]\n\t\t\t\t\t<div class=\"wh-theme-icon  scp_theme_icon-76c522af805b3c70d3c23d3583857388\">\n\t\t\t\t<i class=\"icon-edclock-one\"><\/i>\n\t\t\t<\/div>\n\t\t\t\t[vc_custom_heading text=&#8221;Nuestros amigos de Lexington, MA&#8221; font_container=&#8221;tag:h6|text_align:left&#8221; use_theme_fonts=&#8221;yes&#8221; css=&#8221;.vc_custom_1517170733963{padding-left: 15px !important;}&#8221;][vc_column_text css=&#8221;.vc_custom_1517074792293{padding-left: 15px !important;}&#8221;]A mediados de 2010 conocemos a la familia Byers, quienes se encontraban por una temporada en Chile. Inmediatamente demostraron un cari\u00f1o especial por nuestra escuela gracias a su experiencia Montessori en\u00a0<a href=\"https:\/\/www.lexmontessori.org\/page\/Home\">Lexington Montessori School LMS<\/a>. Suzie Byers realiz\u00f3 voluntariamente todas las semanas, durante un a\u00f1o (2010-2011) clases de yoga para nuestro Wawa Uta. Adem\u00e1s gestion\u00f3 con LMS, un estimulante v\u00ednculo con peri\u00f3dicos contactos entre nuestros estudiantes y los ni\u00f1os del LMS, adem\u00e1s de las visitas de observaci\u00f3n de nuestra directora vinculadas a la formaci\u00f3n AMI.[\/vc_column_text]\n\t\t\t\t\t<div class=\"wh-theme-icon  scp_theme_icon-819dc7052978d9f7ba732156ca54fef8\">\n\t\t\t\t<i class=\"icon-edclock-one\"><\/i>\n\t\t\t<\/div>\n\t\t\t\t[vc_custom_heading text=&#8221;2011, La casona en Cerro Alegre&#8221; font_container=&#8221;tag:h5|text_align:left&#8221; use_theme_fonts=&#8221;yes&#8221; css=&#8221;.vc_custom_1514384384764{padding-left: 15px !important;}&#8221;][vc_column_text css=&#8221;.vc_custom_1517074956565{padding-left: 15px !important;}&#8221;]En 2011, la Escuela\u00a0Montessori de Valpara\u00edso se traslada hasta su actual ubicaci\u00f3n, en un terreno\u00a0de 509 mts2 con 311 mts2 de construcci\u00f3n en la calle Av. Hospital Dr\u00a0Guillermo Mu\u0308nnich 733 en Cerro Alegre, Valpara\u00edso.\u00a0Desde 2011 hemos ido desarrollando paulatinamente dos niveles de aprendizaje: &#8211; Wawa Uta Casa de Ni\u00f1os (educaci\u00f3n pre-escolar) y Taller (educaci\u00f3n b\u00e1sica).[\/vc_column_text]\n\t\t\t\t\t<div class=\"wh-theme-icon  scp_theme_icon-819dc7052978d9f7ba732156ca54fef8\">\n\t\t\t\t<i class=\"icon-edclock-one\"><\/i>\n\t\t\t<\/div>\n\t\t\t\t[vc_custom_heading text=&#8221;2012, Formaci\u00f3n Montessori&#8221; font_container=&#8221;tag:h5|text_align:left&#8221; use_theme_fonts=&#8221;yes&#8221; css=&#8221;.vc_custom_1515419895407{padding-left: 15px !important;}&#8221;][vc_column_text css=&#8221;.vc_custom_1517076699017{padding-left: 15px !important;}&#8221;]A partir de 2012, nuestra directora inicia su maestr\u00eda en educaci\u00f3n Montessori 6-12 a\u00f1os a trav\u00e9s de <a href=\"https:\/\/montessorispace.com\/\">IMI<\/a> y la Universidad de Barcelona, y termina en 2015, luego inicia su formaci\u00f3n como Gu\u00eda Montessori 6-12 a\u00f1os AMI en <a href=\"http:\/\/www.cursosmontessori.com\/ES\">MIRTC<\/a>, Girona, Espa\u00f1a,\u00a0 que finaliza en 2018. Esta formaci\u00f3n le ha permitido fortalecer y crear v\u00ednculos con Lexington Montessori School y <a href=\"http:\/\/hollismontessori.org\/\">Hollis Montessori School<\/a> respectivamente, donde nuestra directora ha realizado sus observaciones y pr\u00e1cticas.[\/vc_column_text]\n\t\t\t\t\t<div class=\"wh-theme-icon  scp_theme_icon-819dc7052978d9f7ba732156ca54fef8\">\n\t\t\t\t<i class=\"icon-edclock-one\"><\/i>\n\t\t\t<\/div>\n\t\t\t\t[vc_custom_heading text=&#8221;2016, Curricula Montessori acreditada&#8221; font_container=&#8221;tag:h5|text_align:left&#8221; use_theme_fonts=&#8221;yes&#8221; css=&#8221;.vc_custom_1515420949376{padding-left: 15px !important;}&#8221;][vc_column_text css=&#8221;.vc_custom_1517075172112{padding-left: 15px !important;}&#8221;]A finales de 2015 iniciamos el proceso de reconocimiento del estado para nuestra escuela y logramos acreditar la curr\u00edcula Montessori AMI a trav\u00e9s de la presentaci\u00f3n de Planes y Programas propios y sistema de evaluaci\u00f3n. Esta homologaci\u00f3n nos fue informada por el Consejo Nacional de Educaci\u00f3n en un informe aprobatorio en enero de 2016.[\/vc_column_text]\n\t\t\t\t\t<div class=\"wh-theme-icon  scp_theme_icon-819dc7052978d9f7ba732156ca54fef8\">\n\t\t\t\t<i class=\"icon-edclock-one\"><\/i>\n\t\t\t<\/div>\n\t\t\t\t[vc_custom_heading text=&#8221;2018, Diploma 6-12 a\u00f1os Asociaci\u00f3n Montessori Internacional&#8221; font_container=&#8221;tag:h5|text_align:left&#8221; use_theme_fonts=&#8221;yes&#8221; css=&#8221;.vc_custom_1533325756078{padding-left: 15px !important;}&#8221;][vc_column_text css=&#8221;.vc_custom_1533326048148{padding-left: 15px !important;}&#8221;]En agosto de este a\u00f1o nuestra Directora y co fundadora Vanessa V\u00e1squez Grimaldi finaliza su formaci\u00f3n como Gu\u00eda 6-12 a\u00f1os de la <a href=\"https:\/\/montessori-ami.org\/\">Asociaci\u00f3n Montessori Internacional<\/a>, despu\u00e9s de tres veranos de estudios en el <a href=\"http:\/\/www.cursosmontessori.com\/ES\">MIRTC<\/a>, Girona, Espa\u00f1a.[\/vc_column_text]\n\t\t\t\t\t<div class=\"wh-theme-icon  scp_theme_icon-819dc7052978d9f7ba732156ca54fef8\">\n\t\t\t\t<i class=\"icon-edclock-one\"><\/i>\n\t\t\t<\/div>\n\t\t\t\t[vc_custom_heading text=&#8221;2019, Nuevas instalaciones.&#8221; font_container=&#8221;tag:h5|text_align:left&#8221; use_theme_fonts=&#8221;yes&#8221; css=&#8221;.vc_custom_1567701166413{padding-left: 15px !important;}&#8221;][vc_column_text css=&#8221;.vc_custom_1567701107433{padding-left: 15px !important;}&#8221;]Inauguramos un <a href=\"https:\/\/www.montessorivalparaiso.org\/wawauta\/el-inicio-despues-de-la-transformacion\/\">nuevo sal\u00f3n para nuestra Casa de Ni\u00f1os\/Wawa Uta<\/a> con 75 mt2 exclusivos dise\u00f1ados especialmente para acoger las actividades diarias de nuestros estudiantes.[\/vc_column_text]\n\t\t\t\t\t<div class=\"wh-theme-icon  scp_theme_icon-819dc7052978d9f7ba732156ca54fef8\">\n\t\t\t\t<i class=\"icon-edclock-one\"><\/i>\n\t\t\t<\/div>\n\t\t\t\t[vc_custom_heading text=&#8221;2020, Una d\u00e9cada desarrollando Montessori&#8221; font_container=&#8221;tag:h5|text_align:left&#8221; use_theme_fonts=&#8221;yes&#8221; css=&#8221;.vc_custom_1579267518236{padding-left: 15px !important;}&#8221;][vc_column_text css=&#8221;.vc_custom_1579267614229{padding-left: 15px !important;}&#8221;]Celebramos nuestra primera d\u00e9cada. Diez a\u00f1os desarrollando Montessori. Aprendiendo, trabajando y compartiendo con nuestra comunidad.[\/vc_column_text]\n\t\t\t\t\t<div class=\"wh-theme-icon  scp_theme_icon-819dc7052978d9f7ba732156ca54fef8\">\n\t\t\t\t<i class=\"icon-edclock-one\"><\/i>\n\t\t\t<\/div>\n\t\t\t\t[vc_custom_heading text=&#8221;2022, Diploma 3-6 a\u00f1os Asociaci\u00f3n Montessori Internacional&#8221; font_container=&#8221;tag:h5|text_align:left&#8221; use_theme_fonts=&#8221;yes&#8221; css=&#8221;.vc_custom_1644853811003{padding-left: 15px !important;}&#8221;][vc_column_text css=&#8221;.vc_custom_1644854165594{padding-left: 15px !important;}&#8221;]En febrero de este a\u00f1o nuestra Directora y co fundadora Vanessa V\u00e1squez Grimaldi recibe su diploma como Gu\u00eda 3-6 a\u00f1os de la <a href=\"https:\/\/montessori-ami.org\/\">Asociaci\u00f3n Montessori Internacional<\/a>, en la <a href=\"https:\/\/www.fundacionmontessori.org\/\">Fundaci\u00f3n Argentina Mar\u00eda Montessori<\/a>, Buenos Aires, Argentina.[\/vc_column_text]\n\t\t\t\t\t<div class=\"wh-theme-icon  scp_theme_icon-819dc7052978d9f7ba732156ca54fef8\">\n\t\t\t\t<i class=\"icon-edclock-one\"><\/i>\n\t\t\t<\/div>\n\t\t\t\t[vc_custom_heading text=&#8221;2023, Nuestras gu\u00edas con diplomas de la Asociaci\u00f3n Montessori Internacional&#8221; font_container=&#8221;tag:h5|text_align:left&#8221; use_theme_fonts=&#8221;yes&#8221; css=&#8221;.vc_custom_1690158912021{padding-left: 15px !important;}&#8221;][vc_column_text css=&#8221;.vc_custom_1676558585209{padding-left: 15px !important;}&#8221;]Despu\u00e9s de varios a\u00f1os de trabajo y formaci\u00f3n podemos se\u00f1alar con orgullo que todas nuestras gu\u00edas directoras de sal\u00f3n cuentan con su diploma de formaci\u00f3n de la <a href=\"https:\/\/montessori-ami.org\/\">Asociaci\u00f3n Montessori Internacional<\/a>,AMI.[\/vc_column_text]\n\t\t\t\t\t<div class=\"wh-theme-icon  scp_theme_icon-819dc7052978d9f7ba732156ca54fef8\">\n\t\t\t\t<i class=\"icon-edclock-one\"><\/i>\n\t\t\t<\/div>\n\t\t\t\t[vc_custom_heading text=&#8221;2025, Celebramos el 15 aniversario &#8221; font_container=&#8221;tag:h5|text_align:left&#8221; use_theme_fonts=&#8221;yes&#8221; css=&#8221;.vc_custom_1743782073930{padding-left: 15px !important;}&#8221;][vc_column_text css=&#8221;.vc_custom_1743782159402{padding-left: 15px !important;}&#8221;]En septiembre de 2025 celebramos quince a\u00f1os dedicados al desarrollo de la educaci\u00f3n Montessori en Valpara\u00edso.[\/vc_column_text][\/vc_column][\/vc_row][vc_row css=&#8221;.vc_custom_1491470743440{margin-top: 20px !important;}&#8221;][vc_column css=&#8221;.vc_custom_1525622335204{margin-bottom: 0px !important;padding-top: 0px !important;background-color: #e8e8e8 !important;}&#8221;][vc_tta_tabs style=&#8221;flat&#8221; shape=&#8221;square&#8221; color=&#8221;blue&#8221; spacing=&#8221;2&#8243; active_section=&#8221;1&#8243; no_fill_content_area=&#8221;true&#8221; el_class=&#8221;wh-custom-tabs&#8221; css=&#8221;.vc_custom_1525623017597{margin-bottom: 0px !important;}&#8221;][vc_tta_section title=&#8221;Origen&#8221; tab_id=&#8221;1514404166811-49317c02-e7ae&#8221;][vc_row_inner css=&#8221;.vc_custom_1487941187036{padding-top: 15px !important;}&#8221;][vc_column_inner css=&#8221;.vc_custom_1491470451324{margin-bottom: 0px !important;}&#8221;]\n\t\t\t\t\t<div class=\"wh-theme-icon vc_custom_1514404242804  scp_theme_icon-b09ff7ca5d804ada7a27ee9ce55055f9\">\n\t\t\t\t<i class=\"icon-edclock-one\"><\/i>\n\t\t\t<\/div>\n\t\t\t\t[vc_custom_heading text=&#8221;Este video del programa de televisi\u00f3n &#8220;Sin Patr\u00f3n&#8220; UCV TV en 2013, muestra el origen de nuestra Escuela.&#8221; font_container=&#8221;tag:h6|font_size:14px|text_align:left|color:%23020202&#8243; use_theme_fonts=&#8221;yes&#8221; css=&#8221;.vc_custom_1514405033146{margin-top: 10px !important;margin-bottom: 10px !important;padding-left: 18px !important;}&#8221;][vc_video link=&#8221;https:\/\/www.youtube.com\/watch?v=hxNJxDmTPqY&#8221; el_width=&#8221;50&#8243;][\/vc_column_inner][vc_column_inner][\/vc_column_inner][\/vc_row_inner][\/vc_tta_section][vc_tta_section title=&#8221;Lugar&#8221; tab_id=&#8221;1487596796999-c4291c1c-d489&#8243;][vc_row_inner css=&#8221;.vc_custom_1487940978648{padding-top: 15px !important;}&#8221;][vc_column_inner width=&#8221;1\/2&#8243; css=&#8221;.vc_custom_1487850582023{margin-bottom: 0px !important;}&#8221;]\n\t\t\t\t\t<div class=\"wh-theme-icon vc_custom_1487079174674  scp_theme_icon-a21b78d7248bbb9a7a0fd3a4b079a3e1\">\n\t\t\t\t<i class=\"icon-edclock-one\"><\/i>\n\t\t\t<\/div>\n\t\t\t\t[vc_custom_heading text=&#8221;En la ciudad&#8221; font_container=&#8221;tag:h6|font_size:14px|text_align:left|color:%23000000&#8243; use_theme_fonts=&#8221;yes&#8221; css=&#8221;.vc_custom_1514404568595{margin-bottom: 10px !important;padding-left: 18px !important;}&#8221;][vc_column_text css=&#8221;.vc_custom_1517075304498{margin-bottom: 20px !important;padding-left: 18px !important;}&#8221;]Valoramos profundamente nuestro contexto, Valpara\u00edso y su identidad. Trabajamos diariamente para fortalecer los v\u00ednculos con todos los recursos que tiene la ciudad: El Parque Cultural de Valpara\u00edso, el Museo de Historia Natural, el Club deportivo Santa Teresa, el estadio Elias Figueroa de Playa Ancha como ejemplo, son espacios de uso cotidiano de nuestras actividades curriculares.[\/vc_column_text][\/vc_column_inner][vc_column_inner width=&#8221;1\/2&#8243; css=&#8221;.vc_custom_1487850585695{margin-bottom: 0px !important;}&#8221;]\n\t\t\t\t\t<div class=\"wh-theme-icon vc_custom_1487079174674  scp_theme_icon-a21b78d7248bbb9a7a0fd3a4b079a3e1\">\n\t\t\t\t<i class=\"icon-edclock-one\"><\/i>\n\t\t\t<\/div>\n\t\t\t\t[vc_custom_heading text=&#8221;Nuestra Casona en Cerro Alegre&#8221; font_container=&#8221;tag:h6|font_size:14px|text_align:left|color:%23000000&#8243; use_theme_fonts=&#8221;yes&#8221; css=&#8221;.vc_custom_1514384704780{margin-bottom: 10px !important;padding-left: 18px !important;}&#8221;][vc_column_text css=&#8221;.vc_custom_1514384905037{margin-bottom: 20px !important;padding-left: 18px !important;}&#8221;]En la casona que alberg\u00f3 la antigua &#8220;Escuela de los pollos&#8221; y donde se educaron la mayor\u00eda de los vecinos de nuestro barrio estamos instalados desde 2011. Hemos recibido el gran apoyo de sus propietarios quienes son unos entusiastas de la educaci\u00f3n Montessori y nos han permitido ir mejorando y fortaleciendo nuestras instalaciones.[\/vc_column_text][\/vc_column_inner][\/vc_row_inner][\/vc_tta_section][vc_tta_section title=&#8221;Reconocimiento&#8221; tab_id=&#8221;1487598336060-a72ddeb1-8bcd&#8221;][vc_row_inner css=&#8221;.vc_custom_1487941187036{padding-top: 15px !important;}&#8221;][vc_column_inner css=&#8221;.vc_custom_1491470451324{margin-bottom: 0px !important;}&#8221;]\n\t\t\t\t\t<div class=\"wh-theme-icon vc_custom_1487079952092  scp_theme_icon-f86c8bb15c0ca9e9d160c152d6e05637\">\n\t\t\t\t<i class=\"icon-edclock-one\"><\/i>\n\t\t\t<\/div>\n\t\t\t\t[vc_custom_heading text=&#8221;Comisi\u00f3n Nacional de Educaci\u00f3n&#8221; font_container=&#8221;tag:h6|font_size:14px|text_align:left|color:%23020202&#8243; use_theme_fonts=&#8221;yes&#8221; css=&#8221;.vc_custom_1514386696787{margin-top: 10px !important;margin-bottom: 10px !important;padding-left: 18px !important;}&#8221;][vc_column_text]En enero 2016 recibimos el informe de la Comisi\u00f3n Nacional de Educaci\u00f3n donde aprueba nuestra presentaci\u00f3n de planes y programas propios y sistema de evaluaci\u00f3n basado 100% en el curr\u00edculum Montessori.[\/vc_column_text]\n\t\t\t\t\t<div class=\"wh-theme-icon vc_custom_1487079952092  scp_theme_icon-f86c8bb15c0ca9e9d160c152d6e05637\">\n\t\t\t\t<i class=\"icon-edclock-one\"><\/i>\n\t\t\t<\/div>\n\t\t\t\t[vc_custom_heading text=&#8221;Reconocimiento del Estado&#8221; font_container=&#8221;tag:h6|font_size:14px|text_align:left|color:%23020202&#8243; use_theme_fonts=&#8221;yes&#8221; css=&#8221;.vc_custom_1514387087241{margin-top: 10px !important;margin-bottom: 10px !important;padding-left: 18px !important;}&#8221;][vc_column_text]A la fecha no contamos con el Reconocimiento Oficial del Estado. Sin embargo, desde 2016 tenemos aprobados nuestros planes y programas propios as\u00ed como nuestro sistema de evaluaci\u00f3n (sin calificaciones) por el <a href=\"https:\/\/www.cned.cl\/\">Consejo Nacional de Educaci\u00f3n<\/a>. El cual corresponde 100% a la curr\u00edcula Montessori definida por la <a href=\"https:\/\/montessori-ami.org\/\">Asociaci\u00f3n Montessori Intenacional AMI<\/a>.[\/vc_column_text][\/vc_column_inner][vc_column_inner][\/vc_column_inner][\/vc_row_inner][\/vc_tta_section][vc_tta_section title=&#8221;Egresados&#8221; tab_id=&#8221;1487596796925-637e0a36-dabc&#8221;][vc_row_inner css=&#8221;.vc_custom_1487940391449{padding-top: 15px !important;}&#8221;][vc_column_inner width=&#8221;1\/2&#8243; css=&#8221;.vc_custom_1487850582023{margin-bottom: 0px !important;}&#8221;]\n\t\t\t\t\t<div class=\"wh-theme-icon vc_custom_1487079174674  scp_theme_icon-a21b78d7248bbb9a7a0fd3a4b079a3e1\">\n\t\t\t\t<i class=\"icon-edclock-one\"><\/i>\n\t\t\t<\/div>\n\t\t\t\t[vc_custom_heading text=&#8221;Egresados&#8221; font_container=&#8221;tag:h6|font_size:14px|text_align:left|color:%23000000&#8243; use_theme_fonts=&#8221;yes&#8221; css=&#8221;.vc_custom_1517227009716{margin-bottom: 10px !important;padding-left: 18px !important;}&#8221;][vc_column_text css=&#8221;.vc_custom_1641997245767{padding-left: 18px !important;}&#8221;]En 2016 se gradu\u00f3 nuestra primera estudiante de 12 a\u00f1os y en diciembre de 2017, ocho estudiantes m\u00e1s terminaron su educaci\u00f3n Montessori. As\u00ed lentamente, nuestra comunidad de estudiantes se ha ido incorporando a distintos establecimientos educacionales en la Educaci\u00f3n Media donde, sin duda, ser\u00e1n un aporte en cada lugar donde lleguen.[\/vc_column_text][\/vc_column_inner][vc_column_inner width=&#8221;1\/2&#8243;]\n\t\t\t\t\t<div class=\"wh-theme-icon vc_custom_1487079174674  scp_theme_icon-a21b78d7248bbb9a7a0fd3a4b079a3e1\">\n\t\t\t\t<i class=\"icon-edclock-one\"><\/i>\n\t\t\t<\/div>\n\t\t\t\t[vc_custom_heading text=&#8221;Chicos y chicas preparados&#8221; font_container=&#8221;tag:h6|font_size:14px|text_align:left|color:%23000000&#8243; use_theme_fonts=&#8221;yes&#8221; css=&#8221;.vc_custom_1514384488458{margin-bottom: 10px !important;padding-left: 18px !important;}&#8221;][vc_column_text css=&#8221;.vc_custom_1514384633341{padding-left: 18px !important;}&#8221;]La educaci\u00f3n Montessori prepara a sus estudiantes para los desaf\u00edos que enfrenten en la vida, aportar en el contexto donde se instalen y fortalecer la diversidad desde la autonom\u00eda y la reflexi\u00f3n.[\/vc_column_text][\/vc_column_inner][\/vc_row_inner][\/vc_tta_section][\/vc_tta_tabs][\/vc_column][\/vc_row]<\/p>\n","protected":false},"excerpt":{"rendered":"<p>[vc_row][vc_column css=&#8221;.vc_custom_1490017810346{margin-bottom: 0px !important;}&#8221;][vc_custom_heading text=&#8221;Historia&#8221; font_container=&#8221;tag:h1|text_align:left&#8221; use_theme_fonts=&#8221;yes&#8221; css=&#8221;.vc_custom_1514384227753{margin-top: 0px !important;margin-bottom: 20px !important;}&#8221;][vc_custom_heading text=&#8221;La Escuela Montessori de Valpara\u00edso nace en 2010 como una iniciativa colectiva de un peque\u00f1o grupo de familias, para proyectar una Escuela B\u00e1sica que pertima educar a sus hij@s bajo la filosof\u00eda Montessori.&#8221;&nbsp;<a href=\"https:\/\/www.montessorivalparaiso.org\/wawauta\/nosotros\/historia\/\">&hellip;<\/a><\/p>\n","protected":false},"author":2,"featured_media":0,"parent":1175,"menu_order":1,"comment_status":"closed","ping_status":"closed","template":"template-sidebar-right-childpages.php","meta":{"footnotes":""},"class_list":["post-1164","page","type-page","status-publish","hentry","odd"],"_links":{"self":[{"href":"https:\/\/www.montessorivalparaiso.org\/wawauta\/wp-json\/wp\/v2\/pages\/1164","targetHints":{"allow":["GET"]}}],"collection":[{"href":"https:\/\/www.montessorivalparaiso.org\/wawauta\/wp-json\/wp\/v2\/pages"}],"about":[{"href":"https:\/\/www.montessorivalparaiso.org\/wawauta\/wp-json\/wp\/v2\/types\/page"}],"author":[{"embeddable":true,"href":"https:\/\/www.montessorivalparaiso.org\/wawauta\/wp-json\/wp\/v2\/users\/2"}],"replies":[{"embeddable":true,"href":"https:\/\/www.montessorivalparaiso.org\/wawauta\/wp-json\/wp\/v2\/comments?post=1164"}],"version-history":[{"count":0,"href":"https:\/\/www.montessorivalparaiso.org\/wawauta\/wp-json\/wp\/v2\/pages\/1164\/revisions"}],"up":[{"embeddable":true,"href":"https:\/\/www.montessorivalparaiso.org\/wawauta\/wp-json\/wp\/v2\/pages\/1175"}],"wp:attachment":[{"href":"https:\/\/www.montessorivalparaiso.org\/wawauta\/wp-json\/wp\/v2\/media?parent=1164"}],"curies":[{"name":"wp","href":"https:\/\/api.w.org\/{rel}","templated":true}]}}