{"id":1159,"date":"2017-02-16T13:12:20","date_gmt":"2017-02-16T13:12:20","guid":{"rendered":"http:\/\/ed.aislinthemes.com\/?page_id=881"},"modified":"2025-05-23T12:11:44","modified_gmt":"2025-05-23T15:11:44","slug":"taller","status":"publish","type":"page","link":"https:\/\/www.montessorivalparaiso.org\/wawauta\/programa-montessori\/taller\/","title":{"rendered":"Taller"},"content":{"rendered":"<p>[vc_row css=&#8221;.vc_custom_1487251064130{margin-bottom: 35px !important;}&#8221;][vc_column css=&#8221;.vc_custom_1490084216082{margin-bottom: 0px !important;}&#8221;][vc_custom_heading text=&#8221;Taller&#8221; font_container=&#8221;tag:h1|text_align:left&#8221; use_theme_fonts=&#8221;yes&#8221; css=&#8221;.vc_custom_1514412577601{margin-top: 0px !important;margin-bottom: 20px !important;}&#8221;][vc_custom_heading text=&#8221;La ense\u00f1anza b\u00e1sica denominada \u201cTaller\u201d, est\u00e1 dirigida a ni\u00f1os de 6 a 12 a\u00f1os de edad en su equivalencia de 1\u00ba a 6\u00ba b\u00e1sico.&#8221; font_container=&#8221;tag:h4|text_align:left&#8221; use_theme_fonts=&#8221;yes&#8221;][vc_column_text]<span id=\"yui_3_17_2_1_1514412742748_188\">Los ni\u00f1@s de Taller pueden caracterizarse por sus mentes de razonamiento, su capacidad de abstracci\u00f3n e imaginaci\u00f3n y su pasi\u00f3n por la investigaci\u00f3n y la exploraci\u00f3n.\u00a0<\/span>Esta es una \u00e9poca en la que la creatividad, el aprendizaje, la cooperaci\u00f3n, la imaginaci\u00f3n y la responsabilidad crecen y prosperan.\u00a0El Programa de Taller\u00a0est\u00e1 dise\u00f1ado para alentar a los ni\u00f1@s a que se pregunten, trabajen y exploren.[\/vc_column_text][\/vc_column][\/vc_row][vc_row][vc_column][vc_custom_heading text=&#8221;Detalles de Taller&#8221; font_container=&#8221;tag:h4|text_align:left&#8221; use_theme_fonts=&#8221;yes&#8221;][vc_tta_accordion shape=&#8221;square&#8221; color=&#8221;white&#8221; active_section=&#8221;1&#8243; el_class=&#8221;wh-accordion&#8221;][vc_tta_section title=&#8221;50 estudiantes por nivel&#8221; tab_id=&#8221;1456405893720-a55ec26a-b30a&#8221;][vc_column_text]Desde 2019 nuestro Taller estar\u00e1 dividido en Mayor y Menor que en su conjunto suman 50 estudiantes como m\u00e1ximo. Taller Menor de 6 a 9 a\u00f1os y Taller Mayor de 9 a 12 a\u00f1os. Cada Taller trabaja en salones distintos, almuerzan y desarrollan tareas diarias de manera diferenciada.[\/vc_column_text][\/vc_tta_section][vc_tta_section title=&#8221;Ambiente preparado&#8221; tab_id=&#8221;1488897069871-af7a84cf-bd9a&#8221;][vc_column_text]Contamos con un\u00a0sal\u00f3n implementado completamente con material de desarrollo Montessori\u00a0para cada \u00e1rea de trabajo. A saber: Matem\u00e1ticas, Lenguaje, Ciencias\u00a0&#8211; \u00c1reas culturales (Bot\u00e1nica, zoolog\u00eda, historia, geograf\u00eda), M\u00fasica, Arte y Vida\u00a0Pr\u00e1ctica. Se fomenta la exploraci\u00f3n de cada \u00e1rea a trav\u00e9s de viajes fuera del aula a museos locales, bibliotecas y teatros, mejorando la comprensi\u00f3n de los ni\u00f1os sobre la comunidad en la que viven.[\/vc_column_text][\/vc_tta_section][vc_tta_section title=&#8221;Biling\u00fcismo \/ Ingl\u00e9s&#8221; tab_id=&#8221;1456405893802-34ae454e-2a02&#8243;][vc_column_text]En nuestro equipo tenemos un gu\u00eda bilingu\u0308e (espa\u00f1ol-ingl\u00e9s) que realiza actividades con horas exclusivas durante la jornada.[\/vc_column_text][\/vc_tta_section][vc_tta_section title=&#8221;Profesores de especialidades&#8221; tab_id=&#8221;1514421040913-5f0d109e-3988&#8243;][vc_column_text]<\/p>\n<p class=\"p2\">En horarios diferidos se realizan talleres de Artes Visuales, Artes\u00a0Musicales y Educaci\u00f3n F\u00edsica (Educaci\u00f3n del cuerpo) con profesores especialistas.<\/p>\n<p>[\/vc_column_text][\/vc_tta_section][vc_tta_section title=&#8221;Jornada&#8221; tab_id=&#8221;1514421196494-51bb048b-4baa&#8221;][vc_column_text]Taller tiene una jornada de lunes a jueves de 8:00 a 15:30 hrs. Viernes de 8:00 a 13:00 hrs.[\/vc_column_text][\/vc_tta_section][vc_tta_section title=&#8221;Ex\u00e1menes de validaci\u00f3n&#8221; tab_id=&#8221;1514421279875-57ef09c2-3761&#8243;][vc_column_text]A la fecha nuestra Escuela NO se encuentra reconocida por el Estado. Por lo que cada familia, si lo desea, puede optar por realizar la Validaci\u00f3n de Estudios (ex\u00e1menes libres) para obtener certificado de promoci\u00f3n anual.[\/vc_column_text][\/vc_tta_section][\/vc_tta_accordion][\/vc_column][\/vc_row][vc_row][vc_column width=&#8221;1\/2&#8243; css=&#8221;.vc_custom_1490084313036{margin-bottom: 0px !important;}&#8221;][vc_single_image image=&#8221;1278&#8243; img_size=&#8221;full&#8221; css_animation=&#8221;fadeIn&#8221;][\/vc_column][vc_column width=&#8221;1\/2&#8243; css=&#8221;.vc_custom_1459847744335{margin-bottom: 0px !important;}&#8221;][vc_custom_heading text=&#8221;Trabajo a trav\u00e9s de investigaciones&#8221; font_container=&#8221;tag:h4|text_align:left&#8221; use_theme_fonts=&#8221;yes&#8221; css=&#8221;.vc_custom_1514422092040{margin-top: 0px !important;}&#8221;][vc_column_text css=&#8221;.vc_custom_1517107479537{padding-right: 20px !important;}&#8221;]<span id=\"yui_3_17_2_1_1514412742748_201\">Los ni\u00f1os de Taller trabajan en peque\u00f1os grupos en una variedad de proyectos, desarrollando habilidades que alg\u00fan d\u00eda necesitar\u00e1n como miembros productivos de la sociedad.\u00a0<\/span>Los estudios elementales incluyen geograf\u00eda, biolog\u00eda, historia, lenguaje, matem\u00e1ticas, m\u00fasica y arte.\u00a0Se fomenta la exploraci\u00f3n de cada \u00e1rea a trav\u00e9s de salidas fuera del aula a museos locales, bibliotecas y teatros, mejorando la comprensi\u00f3n de los ni\u00f1os sobre la comunidad en la que viven.[\/vc_column_text][\/vc_column][\/vc_row][vc_row css=&#8221;.vc_custom_1456742899760{margin-bottom: 50px !important;}&#8221;][vc_column width=&#8221;1\/2&#8243; css=&#8221;.vc_custom_1490084319354{margin-bottom: 0px !important;}&#8221;][vc_single_image image=&#8221;1279&#8243; img_size=&#8221;full&#8221; css_animation=&#8221;fadeIn&#8221;][\/vc_column][vc_column width=&#8221;1\/2&#8243; css=&#8221;.vc_custom_1490084380350{margin-bottom: 0px !important;}&#8221;][vc_custom_heading text=&#8221;Grandes Lecciones&#8221; font_container=&#8221;tag:h4|text_align:left&#8221; use_theme_fonts=&#8221;yes&#8221; css=&#8221;.vc_custom_1514422124238{margin-top: 0px !important;}&#8221;][vc_column_text css=&#8221;.vc_custom_1517107520588{margin-bottom: 0px !important;padding-right: 20px !important;}&#8221;]Son presentaciones grupales donde se abarcan las grandes tem\u00e1ticas desde el origen del universo hasta la aparici\u00f3n de los n\u00fameros.<\/p>\n<p>El prop\u00f3sito general de las Grandes Lecciones es conmover el coraz\u00f3n y llamar a la reflexi\u00f3n. La idea es que en el ni\u00f1o se despierte el inter\u00e9s por la investigaci\u00f3n acerca de los temas expuestos en la presentaci\u00f3n y se haga sus propias preguntas, los grandes interrogantes del ser humano: \u00bfc\u00f3mo se cre\u00f3 el universo? \u00bfc\u00f3mo se cre\u00f3 la tierra y c\u00f3mo se transform\u00f3 hasta hoy? \u00bfc\u00f3mo se origin\u00f3 la vida? \u00bfhay vida en otros planetas?[\/vc_column_text][\/vc_column][\/vc_row]<\/p>\n","protected":false},"excerpt":{"rendered":"<p>[vc_row css=&#8221;.vc_custom_1487251064130{margin-bottom: 35px !important;}&#8221;][vc_column css=&#8221;.vc_custom_1490084216082{margin-bottom: 0px !important;}&#8221;][vc_custom_heading text=&#8221;Taller&#8221; font_container=&#8221;tag:h1|text_align:left&#8221; use_theme_fonts=&#8221;yes&#8221; css=&#8221;.vc_custom_1514412577601{margin-top: 0px !important;margin-bottom: 20px !important;}&#8221;][vc_custom_heading text=&#8221;La ense\u00f1anza b\u00e1sica denominada \u201cTaller\u201d, est\u00e1 dirigida a ni\u00f1os de 6 a 12 a\u00f1os de edad en su equivalencia de 1\u00ba a 6\u00ba b\u00e1sico.&#8221; font_container=&#8221;tag:h4|text_align:left&#8221; use_theme_fonts=&#8221;yes&#8221;][vc_column_text]Los ni\u00f1@s de Taller pueden&nbsp;<a href=\"https:\/\/www.montessorivalparaiso.org\/wawauta\/programa-montessori\/taller\/\">&hellip;<\/a><\/p>\n","protected":false},"author":2,"featured_media":0,"parent":1149,"menu_order":2,"comment_status":"closed","ping_status":"closed","template":"template-sidebar-right-childpages.php","meta":{"footnotes":""},"class_list":["post-1159","page","type-page","status-publish","hentry","odd"],"_links":{"self":[{"href":"https:\/\/www.montessorivalparaiso.org\/wawauta\/wp-json\/wp\/v2\/pages\/1159","targetHints":{"allow":["GET"]}}],"collection":[{"href":"https:\/\/www.montessorivalparaiso.org\/wawauta\/wp-json\/wp\/v2\/pages"}],"about":[{"href":"https:\/\/www.montessorivalparaiso.org\/wawauta\/wp-json\/wp\/v2\/types\/page"}],"author":[{"embeddable":true,"href":"https:\/\/www.montessorivalparaiso.org\/wawauta\/wp-json\/wp\/v2\/users\/2"}],"replies":[{"embeddable":true,"href":"https:\/\/www.montessorivalparaiso.org\/wawauta\/wp-json\/wp\/v2\/comments?post=1159"}],"version-history":[{"count":0,"href":"https:\/\/www.montessorivalparaiso.org\/wawauta\/wp-json\/wp\/v2\/pages\/1159\/revisions"}],"up":[{"embeddable":true,"href":"https:\/\/www.montessorivalparaiso.org\/wawauta\/wp-json\/wp\/v2\/pages\/1149"}],"wp:attachment":[{"href":"https:\/\/www.montessorivalparaiso.org\/wawauta\/wp-json\/wp\/v2\/media?parent=1159"}],"curies":[{"name":"wp","href":"https:\/\/api.w.org\/{rel}","templated":true}]}}