{"id":1149,"date":"2017-03-10T09:59:51","date_gmt":"2017-03-10T09:59:51","guid":{"rendered":"http:\/\/ed.aislinthemes.com\/?page_id=2381"},"modified":"2025-07-31T15:38:13","modified_gmt":"2025-07-31T18:38:13","slug":"programa-montessori","status":"publish","type":"page","link":"https:\/\/www.montessorivalparaiso.org\/wawauta\/programa-montessori\/","title":{"rendered":"Programa Montessori"},"content":{"rendered":"<p>[vc_row css=&#8221;.vc_custom_1487251064130{margin-bottom: 35px !important;}&#8221;][vc_column css=&#8221;.vc_custom_1490018624138{margin-bottom: 0px !important;}&#8221;][vc_custom_heading text=&#8221;Programa Montessori&#8221; font_container=&#8221;tag:h1|text_align:left&#8221; use_theme_fonts=&#8221;yes&#8221; css=&#8221;.vc_custom_1514991617553{margin-top: 0px !important;margin-bottom: 20px !important;}&#8221;][vc_custom_heading text=&#8221;Los estudiantes de nuestra escuela siguen un plan de estudios cuidadosamente dise\u00f1ado para el desarrollo intelectual, social y pr\u00e1ctico. Cuidando la forma y en un entorno apropiado para el\/la ni\u00f1@ en cada etapa del desarrollo seg\u00fan los principios de la Dra. Montessori.&#8221; font_container=&#8221;tag:h4|text_align:left&#8221; use_theme_fonts=&#8221;yes&#8221;][\/vc_column][\/vc_row][vc_row][vc_column css=&#8221;.vc_custom_1490170322788{margin-bottom: 0px !important;}&#8221;][vc_separator border_width=&#8221;4&#8243;][vc_column_text]Nuestros programas est\u00e1n dise\u00f1ados de acuerdo con el principio fundamental del programa Montessori: los &#8220;planos de desarrollo&#8221;. La doctora Montessori reconoci\u00f3 que el desarrollo infantil no es lineal. En cambio, se desarrolla en cuatro &#8220;planos&#8221; distintos de aproximadamente seis a\u00f1os cada uno. Durante cada plano, el ni\u00f1o posee caracter\u00edsticas y necesidades \u00fanicas que se satisfacen mejor en un entorno especialmente preparado y con un adulto capacitado y que lo apoye.<\/p>\n<p>Los\/las ni\u00f1@s de nuestra escuela son guiados hacia similares contenidos b\u00e1sicos que en un ambiente escolar tradicional, sin embargo es a trav\u00e9s de un enfoque autodidacta y exploratorio lo que les permite la libertad de elegir su trabajo y progresar a su propio ritmo de desarrollo.los y las gu\u00edas crean un ambiente para el aprendizaje que proporciona libertad dentro de l\u00edmites que se ir\u00e1n ampliando gradualmente y dan a los estudiantes lecciones de iniciativa y autodisciplina de por vida.<\/p>\n<p>M\u00e1s all\u00e1 del desarrollo intelectual, a los estudiantes de Montessori se les muestra la importancia de la empat\u00eda y el respeto, as\u00ed como las habilidades de la vida pr\u00e1ctica que se logran a trav\u00e9s de un trabajo dedicado.\u00a0Desde peque\u00f1os, a los estudiantes Montessori, se les ense\u00f1a a cuidarse a s\u00ed mismos y al mundo que los rodea con actividades diarias como lavar los platos, regar los plantas, preparar meriendas, abotonarse la ropa y cortes\u00edas comunes como saludar o agradecer a las personas.<\/p>\n<blockquote><p>En enero de 2016 recibimos la aprobaci\u00f3n del Consejo Nacional de Educaci\u00f3n de nuestro planes y programas propios y sistema de evaluaci\u00f3n que se ajustan a la curr\u00edcula Montessori AMI 100%.<\/p><\/blockquote>\n<p>De esta manera nuestro programa de estudio se ajusta a las Bases Curriculares del Mineduc tanto a nivel de educaci\u00f3n parvularia como de educaci\u00f3n b\u00e1sica y nuestro sistema de evaluaci\u00f3n (sin calificaciones) se fundamenta en la observaci\u00f3n sistem\u00e1tica de cada ni\u00f1@. En este sentido, nuestra escuela avanza para conseguir el Reconocimiento del Estado como objetivo a mediano plazo\u00a0sin poner en riesgo los principios Montessori.[\/vc_column_text][\/vc_column][\/vc_row]<\/p>\n","protected":false},"excerpt":{"rendered":"<p>[vc_row css=&#8221;.vc_custom_1487251064130{margin-bottom: 35px !important;}&#8221;][vc_column css=&#8221;.vc_custom_1490018624138{margin-bottom: 0px !important;}&#8221;][vc_custom_heading text=&#8221;Programa Montessori&#8221; font_container=&#8221;tag:h1|text_align:left&#8221; use_theme_fonts=&#8221;yes&#8221; css=&#8221;.vc_custom_1514991617553{margin-top: 0px !important;margin-bottom: 20px !important;}&#8221;][vc_custom_heading text=&#8221;Los estudiantes de nuestra escuela siguen un plan de estudios cuidadosamente dise\u00f1ado para el desarrollo intelectual, social y pr\u00e1ctico. Cuidando la forma y en un entorno apropiado para el\/la&nbsp;<a href=\"https:\/\/www.montessorivalparaiso.org\/wawauta\/programa-montessori\/\">&hellip;<\/a><\/p>\n","protected":false},"author":2,"featured_media":0,"parent":0,"menu_order":0,"comment_status":"closed","ping_status":"closed","template":"template-sidebar-right-childpages.php","meta":{"footnotes":""},"class_list":["post-1149","page","type-page","status-publish","hentry","odd"],"_links":{"self":[{"href":"https:\/\/www.montessorivalparaiso.org\/wawauta\/wp-json\/wp\/v2\/pages\/1149","targetHints":{"allow":["GET"]}}],"collection":[{"href":"https:\/\/www.montessorivalparaiso.org\/wawauta\/wp-json\/wp\/v2\/pages"}],"about":[{"href":"https:\/\/www.montessorivalparaiso.org\/wawauta\/wp-json\/wp\/v2\/types\/page"}],"author":[{"embeddable":true,"href":"https:\/\/www.montessorivalparaiso.org\/wawauta\/wp-json\/wp\/v2\/users\/2"}],"replies":[{"embeddable":true,"href":"https:\/\/www.montessorivalparaiso.org\/wawauta\/wp-json\/wp\/v2\/comments?post=1149"}],"version-history":[{"count":0,"href":"https:\/\/www.montessorivalparaiso.org\/wawauta\/wp-json\/wp\/v2\/pages\/1149\/revisions"}],"wp:attachment":[{"href":"https:\/\/www.montessorivalparaiso.org\/wawauta\/wp-json\/wp\/v2\/media?parent=1149"}],"curies":[{"name":"wp","href":"https:\/\/api.w.org\/{rel}","templated":true}]}}